{"id":1022,"date":"2018-06-21T16:27:00","date_gmt":"2018-06-21T15:27:00","guid":{"rendered":"https:\/\/head.hesge.ch\/biblio\/?page_id=1022"},"modified":"2025-09-12T07:49:12","modified_gmt":"2025-09-12T07:49:12","slug":"contact","status":"publish","type":"page","link":"https:\/\/campus.hesge.ch\/headbiblio\/contact\/","title":{"rendered":"Contact"},"content":{"rendered":"\n<p>Retrouvez-nous sur le nouveau campus, dans le b\u00e2timent E au deuxi\u00e8me \u00e9tage !<\/p>\n\n\n\n<p><strong>Adresse:<\/strong><br>5 Avenue de Ch\u00e2telaine<br>1203 Gen\u00e8ve<br>B\u00e2timent E,- 2e \u00e9tage<\/p>\n\n\n\n<div class=\"wp-block-group\"><div class=\"wp-block-group__inner-container is-layout-flow wp-block-group-is-layout-flow\">\n<div class=\"wp-block-group\"><div class=\"wp-block-group__inner-container is-layout-flow wp-block-group-is-layout-flow\">\n<div class=\"wp-block-group\"><div class=\"wp-block-group__inner-container is-layout-flow wp-block-group-is-layout-flow\">\n<p style=\"text-align: left;\"><iframe loading=\"lazy\" style=\"border: 0;\" src=\"https:\/\/www.google.com\/maps\/embed?pb=!1m18!1m12!1m3!1d2762.6461102494013!2d6.117865015764922!3d46.20935899143257!2m3!1f0!2f0!3f0!3m2!1i1024!2i768!4f13.1!3m3!1m2!1s0x478c64c7f60092a1%3A0xfe7c4d1f6e2c7ad2!2sAvenue+de+Ch%C3%A2telaine+5%2C+1203+Gen%C3%A8ve!5e0!3m2!1sfr!2sch!4v1562832788640!5m2!1sfr!2sch\" width=\"600\" height=\"450\" frameborder=\"0\" allowfullscreen=\"allowfullscreen\"><\/iframe><br \/><strong data-rich-text-format-boundary=\"true\">Email : <\/strong><a href=\"mailto:biblio.head@hesge.ch\">biblio.head@hesge.ch<\/a><strong><br data-rich-text-line-break=\"true\" \/>T\u00e9l\u00e9phone<\/strong> : 022\/558 51 88<br \/><a href=\"https:\/\/campus.hesge.ch\/headbiblio\/fermeture-pendant-le-fetes\/\"><strong>Horaires<\/strong><\/a> : du lundi au vendredi de 8h30 \u00e0 17h30 hors vacances universitaires et <a href=\"https:\/\/campus.hesge.ch\/headbiblio\/2024\/06\/fermeture-exceptionnelle-mercredi-5-avril\/\">horaires sp\u00e9ciaux<\/a><\/p>\n<\/div><\/div>\n\n\n\n<p class=\"has-normal-font-size\"><br><strong>Responsable<\/strong> : <a href=\"claire.medri@hesge.ch\" target=\"_blank\" rel=\"noreferrer noopener\">Claire Medri<\/a><br><strong>Biblioth\u00e9caire<\/strong> : <a href=\"stephanie.probst@hesge.ch\" target=\"_blank\" rel=\"noreferrer noopener\">St\u00e9phanie Probst<\/a><br><strong>Agent en information documentaire<\/strong> : <a href=\"ludovic.lejeune@hesge.ch\" target=\"_blank\" rel=\"noreferrer noopener\">Ludovic Lejeune<\/a><br><strong>Assistante archiviste<\/strong> : <a href=\"sybille.monney@hesge.ch\" target=\"_blank\" rel=\"noreferrer noopener\">Sibylle Monney<\/a><br><strong>Stagiaire<\/strong> : Cynthia Bury<\/p>\n<\/div><\/div>\n<\/div><\/div>\n\n\n\n<p><\/p>\n","protected":false},"excerpt":{"rendered":"<p>Retrouvez-nous sur le nouveau campus, dans le b\u00e2timent E au deuxi\u00e8me \u00e9tage ! Adresse:5 Avenue de Ch\u00e2telaine1203 Gen\u00e8veB\u00e2timent E,- 2e \u00e9tage Email : biblio.head@hesge.chT\u00e9l\u00e9phone : 022\/558 51 88Horaires : du lundi au vendredi de 8h30 \u00e0 17h30 hors vacances universitaires et horaires sp\u00e9ciaux Responsable : Claire MedriBiblioth\u00e9caire : St\u00e9phanie ProbstAgent en information documentaire : Ludovic&hellip;&nbsp;<a href=\"https:\/\/campus.hesge.ch\/headbiblio\/contact\/\" rel=\"bookmark\">Lire la suite &raquo;<span class=\"screen-reader-text\">Contact<\/span><\/a><\/p>\n","protected":false},"author":1,"featured_media":0,"parent":0,"menu_order":0,"comment_status":"closed","ping_status":"closed","template":"","meta":{"neve_meta_sidebar":"","neve_meta_container":"","neve_meta_enable_content_width":"","neve_meta_content_width":0,"neve_meta_title_alignment":"","neve_meta_author_avatar":"","neve_post_elements_order":"","neve_meta_disable_header":"","neve_meta_disable_footer":"","neve_meta_disable_title":"","footnotes":""},"class_list":["post-1022","page","type-page","status-publish","hentry"],"jetpack_sharing_enabled":true,"_links":{"self":[{"href":"https:\/\/campus.hesge.ch\/headbiblio\/wp-json\/wp\/v2\/pages\/1022","targetHints":{"allow":["GET"]}}],"collection":[{"href":"https:\/\/campus.hesge.ch\/headbiblio\/wp-json\/wp\/v2\/pages"}],"about":[{"href":"https:\/\/campus.hesge.ch\/headbiblio\/wp-json\/wp\/v2\/types\/page"}],"author":[{"embeddable":true,"href":"https:\/\/campus.hesge.ch\/headbiblio\/wp-json\/wp\/v2\/users\/1"}],"replies":[{"embeddable":true,"href":"https:\/\/campus.hesge.ch\/headbiblio\/wp-json\/wp\/v2\/comments?post=1022"}],"version-history":[{"count":20,"href":"https:\/\/campus.hesge.ch\/headbiblio\/wp-json\/wp\/v2\/pages\/1022\/revisions"}],"predecessor-version":[{"id":3820,"href":"https:\/\/campus.hesge.ch\/headbiblio\/wp-json\/wp\/v2\/pages\/1022\/revisions\/3820"}],"wp:attachment":[{"href":"https:\/\/campus.hesge.ch\/headbiblio\/wp-json\/wp\/v2\/media?parent=1022"}],"curies":[{"name":"wp","href":"https:\/\/api.w.org\/{rel}","templated":true}]}}