{"id":1674,"date":"2020-02-27T17:35:35","date_gmt":"2020-02-27T17:35:35","guid":{"rendered":"https:\/\/head.hesge.ch\/biblio\/?page_id=1674"},"modified":"2024-03-14T14:22:59","modified_gmt":"2024-03-14T14:22:59","slug":"guide-de-redaction-bibliographique","status":"publish","type":"page","link":"https:\/\/campus.hesge.ch\/headbiblio\/guide-de-redaction-bibliographique\/","title":{"rendered":"Guide de r\u00e9daction bibliographique &#8211; Zotero"},"content":{"rendered":"\n<p>Vous pouvez vous aider de la plateforme Swisscovery pour exporter les r\u00e9f\u00e9rences des documents que vous consultez. <\/p>\n\n\n\n<p>Une fois l&rsquo;ouvrage trouv\u00e9 sur la plateforme, vous devez cliquer sur <strong>&#8230;<\/strong> (<em>afficher plus d&rsquo;actions<\/em>), puis <strong>\u00ab\u00a0<em>citation<\/em>\u00ab\u00a0<\/strong> . <br>La r\u00e9f\u00e9rence est alors g\u00e9n\u00e9r\u00e9e automatiquement avec les informations bibliographiques. <br>Par d\u00e9faut c&rsquo;est le style Chicago qui vous est propos\u00e9, vous pouvez choisir une autre forme mais il faut veiller \u00e0 <strong>utiliser toujours la m\u00eame<\/strong>. <br>Pensez \u00e9galement \u00e0 <strong>v\u00e9rifier si les donn\u00e9es sont exactes<\/strong>. <\/p>\n\n\n\n<figure class=\"wp-block-image size-large\"><img data-recalc-dims=\"1\" loading=\"lazy\" decoding=\"async\" width=\"950\" height=\"551\" src=\"https:\/\/i0.wp.com\/campus.hesge.ch\/headbiblio\/wp-content\/uploads\/2021\/01\/image-2.png?resize=950%2C551&#038;ssl=1\" alt=\"Capture d'\u00e9cran &quot;citation&quot;\" class=\"wp-image-2759\" srcset=\"https:\/\/i0.wp.com\/campus.hesge.ch\/headbiblio\/wp-content\/uploads\/2021\/01\/image-2.png?w=950&amp;ssl=1 950w, https:\/\/i0.wp.com\/campus.hesge.ch\/headbiblio\/wp-content\/uploads\/2021\/01\/image-2.png?resize=300%2C174&amp;ssl=1 300w, https:\/\/i0.wp.com\/campus.hesge.ch\/headbiblio\/wp-content\/uploads\/2021\/01\/image-2.png?resize=768%2C445&amp;ssl=1 768w\" sizes=\"auto, (max-width: 950px) 100vw, 950px\" \/><\/figure>\n\n\n\n<p>Nous vous conseillons de vous baser sur le <strong><a href=\"https:\/\/www.hesge.ch\/heg\/sites\/default\/files\/infotheque\/guide-ref-infotheque-fr.pdf\">Guide Bibliographique de la HEG<\/a><\/strong> en ce qui concerne <strong>citations et bibliographies<\/strong> dans vos travaux acad\u00e9miques : (<a href=\"https:\/\/www.hesge.ch\/heg\/sites\/default\/files\/infotheque\/guide-ref-infotheque-en.pdf\">english version here<\/a>)<\/p>\n\n\n\n<p><em>Ce \u00ab\u00a0guide a \u00e9t\u00e9 r\u00e9dig\u00e9 par l\u2019Infoth\u00e8que de la Haute \u00e9cole de gestion de Gen\u00e8ve (HEG-GE). Il pr\u00e9sente les r\u00e8gles de r\u00e9f\u00e9rencement bibliographique en vigueur \u00e0 la HEG, <strong>bas\u00e9es sur la norme internationale ISO 690<\/strong> (Organisation internationale de normalisation 2010). Il est possible que certains enseignants vous demandent d\u2019appliquer d\u2019autres normes bibliographiques\u00a0\u00bb.<\/em><\/p>\n\n\n\n<p>Pour transformer vos liens en r\u00e9f\u00e9rences selon les diverses normes en vigueur, mais aussi g\u00e9rer vos bibliographies de mani\u00e8re num\u00e9rique, vous pouvez utiliser le logiciel gratuit <strong><a href=\"https:\/\/www.zotero.org\/\">Zotero<\/a> <\/strong>ou utiliser le site en ligne :<strong><a href=\"https:\/\/zbib.org\/\">Zoterobib<\/a>.<br><\/strong>Consultez le <a href=\"https:\/\/www.hesge.ch\/heg\/sites\/default\/files\/infotheque\/guide-zotero-infotheque.pdf\">guide d&rsquo;utilisation Zotero<\/a> via l&rsquo;infoth\u00e8que de la HEG.<\/p>\n\n\n\n<p><strong>Attention<\/strong>, le logiciel d\u00e9pend des m\u00e9tadonn\u00e9es renseign\u00e9es sur les pages web, il vaut mieux v\u00e9rifier si cela correspond \u00e0 votre article !<\/p>\n","protected":false},"excerpt":{"rendered":"<p>Vous pouvez vous aider de la plateforme Swisscovery pour exporter les r\u00e9f\u00e9rences des documents que vous consultez. Une fois l&rsquo;ouvrage trouv\u00e9 sur la plateforme, vous devez cliquer sur &#8230; (afficher plus d&rsquo;actions), puis \u00ab\u00a0citation\u00ab\u00a0 . La r\u00e9f\u00e9rence est alors g\u00e9n\u00e9r\u00e9e automatiquement avec les informations bibliographiques. Par d\u00e9faut c&rsquo;est le style Chicago qui vous est propos\u00e9,&hellip;&nbsp;<a href=\"https:\/\/campus.hesge.ch\/headbiblio\/guide-de-redaction-bibliographique\/\" rel=\"bookmark\">Lire la suite &raquo;<span class=\"screen-reader-text\">Guide de r\u00e9daction bibliographique &#8211; Zotero<\/span><\/a><\/p>\n","protected":false},"author":1,"featured_media":0,"parent":0,"menu_order":8,"comment_status":"closed","ping_status":"closed","template":"","meta":{"neve_meta_sidebar":"","neve_meta_container":"","neve_meta_enable_content_width":"","neve_meta_content_width":0,"neve_meta_title_alignment":"","neve_meta_author_avatar":"","neve_post_elements_order":"","neve_meta_disable_header":"","neve_meta_disable_footer":"","neve_meta_disable_title":"","footnotes":""},"class_list":["post-1674","page","type-page","status-publish","hentry"],"jetpack_sharing_enabled":true,"_links":{"self":[{"href":"https:\/\/campus.hesge.ch\/headbiblio\/wp-json\/wp\/v2\/pages\/1674","targetHints":{"allow":["GET"]}}],"collection":[{"href":"https:\/\/campus.hesge.ch\/headbiblio\/wp-json\/wp\/v2\/pages"}],"about":[{"href":"https:\/\/campus.hesge.ch\/headbiblio\/wp-json\/wp\/v2\/types\/page"}],"author":[{"embeddable":true,"href":"https:\/\/campus.hesge.ch\/headbiblio\/wp-json\/wp\/v2\/users\/1"}],"replies":[{"embeddable":true,"href":"https:\/\/campus.hesge.ch\/headbiblio\/wp-json\/wp\/v2\/comments?post=1674"}],"version-history":[{"count":6,"href":"https:\/\/campus.hesge.ch\/headbiblio\/wp-json\/wp\/v2\/pages\/1674\/revisions"}],"predecessor-version":[{"id":3520,"href":"https:\/\/campus.hesge.ch\/headbiblio\/wp-json\/wp\/v2\/pages\/1674\/revisions\/3520"}],"wp:attachment":[{"href":"https:\/\/campus.hesge.ch\/headbiblio\/wp-json\/wp\/v2\/media?parent=1674"}],"curies":[{"name":"wp","href":"https:\/\/api.w.org\/{rel}","templated":true}]}}