{"id":1770,"date":"2020-03-19T12:42:18","date_gmt":"2020-03-19T12:42:18","guid":{"rendered":"https:\/\/head.hesge.ch\/biblio\/?page_id=1770"},"modified":"2025-08-29T09:17:29","modified_gmt":"2025-08-29T09:17:29","slug":"vpn","status":"publish","type":"page","link":"https:\/\/campus.hesge.ch\/headbiblio\/vpn\/","title":{"rendered":"Connecter le VPN"},"content":{"rendered":"\n<p>Le VPN, (Virtual Private Network) vous permet d&rsquo;acc\u00e9der aux r\u00e9seaux et aux <a href=\"https:\/\/www.hes-so.ch\/la-hes-so\/bibliotheques\/ressources-electroniques\" target=\"_blank\" rel=\"noreferrer noopener\">ressources de la <strong>HEAD et HES-SO<\/strong><\/a> depuis votre ordinateur personnel. <strong>Le VPN \u00e0 s\u00e9lectionner est SID<\/strong> (pour Service Informatique Documentaire).<\/p>\n\n\n\n<p>Vous avez ainsi acc\u00e8s aux <a href=\"https:\/\/campus.hesge.ch\/headbiblio\/ressources-en-ligne-new\/\">bases de donn\u00e9es et revues en lignes<\/a> au sein du r\u00e9seau de l&rsquo;\u00e9cole via votre ordinateur priv\u00e9. <\/p>\n\n\n\n<p>Cela s&rsquo;av\u00e8re particuli\u00e8rement pratique lorsque vous \u00eates en d\u00e9placement et que vous souhaitez travailler \u00e0 distance.<\/p>\n\n\n\n<p><strong>Qui peut acc\u00e9der au VPN ?<\/strong><br>L&rsquo;ensemble des \u00e9tudiant-e-x-s, le personnel enseignant et les personnes collaborant avec la HEAD peuvent y acc\u00e9der. <br>Il suffit pour cela de consulter la<a href=\"https:\/\/wiki.hesge.ch\/display\/PHAGIO\/VPN+HES#\" target=\"_blank\" rel=\"noreferrer noopener\"> page intranet VPN<\/a>, <strong>t\u00e9l\u00e9charger le logiciel<\/strong> et vous connecter au VPN SID. <br>Si vous rencontrez des difficult\u00e9s : <strong>cr\u00e9er un ticket<\/strong> aupr\u00e8s du <a href=\"https:\/\/support.hesge.ch\/\">support informatique<\/a>, puis de suivre les instructions.<\/p>\n\n\n\n<ul class=\"wp-block-list\">\n<li>T\u00e9l\u00e9charger Cisco Connect<\/li>\n\n\n\n<li>Ouvrir l&rsquo;application <strong>Cisco Secure Client<\/strong><\/li>\n<\/ul>\n\n\n\n<figure class=\"wp-block-image size-full is-resized\"><img data-recalc-dims=\"1\" loading=\"lazy\" decoding=\"async\" width=\"672\" height=\"250\" src=\"https:\/\/i0.wp.com\/campus.hesge.ch\/headbiblio\/wp-content\/uploads\/2025\/07\/Capture-decran-2025-07-07-a-10.41.25.png?resize=672%2C250&#038;ssl=1\" alt=\"\" class=\"wp-image-3793\" style=\"width:674px;height:auto\" srcset=\"https:\/\/i0.wp.com\/campus.hesge.ch\/headbiblio\/wp-content\/uploads\/2025\/07\/Capture-decran-2025-07-07-a-10.41.25.png?w=672&amp;ssl=1 672w, https:\/\/i0.wp.com\/campus.hesge.ch\/headbiblio\/wp-content\/uploads\/2025\/07\/Capture-decran-2025-07-07-a-10.41.25.png?resize=300%2C112&amp;ssl=1 300w\" sizes=\"auto, (max-width: 672px) 100vw, 672px\" \/><\/figure>\n\n\n\n<ul class=\"wp-block-list\">\n<li>S\u00e9lectionner le vpn.hesge.ch<\/li>\n<\/ul>\n\n\n\n<figure class=\"wp-block-image size-full is-resized\"><img data-recalc-dims=\"1\" loading=\"lazy\" decoding=\"async\" width=\"864\" height=\"446\" src=\"https:\/\/i0.wp.com\/campus.hesge.ch\/headbiblio\/wp-content\/uploads\/2025\/08\/Capture-decran-2025-08-29-a-11.06.51.png?resize=864%2C446&#038;ssl=1\" alt=\"\" class=\"wp-image-3803\" style=\"width:672px;height:auto\" srcset=\"https:\/\/i0.wp.com\/campus.hesge.ch\/headbiblio\/wp-content\/uploads\/2025\/08\/Capture-decran-2025-08-29-a-11.06.51.png?w=864&amp;ssl=1 864w, https:\/\/i0.wp.com\/campus.hesge.ch\/headbiblio\/wp-content\/uploads\/2025\/08\/Capture-decran-2025-08-29-a-11.06.51.png?resize=300%2C155&amp;ssl=1 300w, https:\/\/i0.wp.com\/campus.hesge.ch\/headbiblio\/wp-content\/uploads\/2025\/08\/Capture-decran-2025-08-29-a-11.06.51.png?resize=768%2C396&amp;ssl=1 768w\" sizes=\"auto, (max-width: 864px) 100vw, 864px\" \/><\/figure>\n\n\n\n<ul class=\"wp-block-list\">\n<li>Choisir le groupe SID <\/li>\n\n\n\n<li>User name AAI : <strong>prenom.nom@hes-so.ch<\/strong> + Mot de passe AAI<\/li>\n<\/ul>\n\n\n\n<figure class=\"wp-block-image size-full is-resized\"><img data-recalc-dims=\"1\" loading=\"lazy\" decoding=\"async\" width=\"938\" height=\"444\" src=\"https:\/\/i0.wp.com\/campus.hesge.ch\/headbiblio\/wp-content\/uploads\/2025\/08\/Capture-decran-2025-08-29-a-11.07.37.png?resize=938%2C444&#038;ssl=1\" alt=\"\" class=\"wp-image-3801\" style=\"width:681px;height:auto\" srcset=\"https:\/\/i0.wp.com\/campus.hesge.ch\/headbiblio\/wp-content\/uploads\/2025\/08\/Capture-decran-2025-08-29-a-11.07.37.png?w=938&amp;ssl=1 938w, https:\/\/i0.wp.com\/campus.hesge.ch\/headbiblio\/wp-content\/uploads\/2025\/08\/Capture-decran-2025-08-29-a-11.07.37.png?resize=300%2C142&amp;ssl=1 300w, https:\/\/i0.wp.com\/campus.hesge.ch\/headbiblio\/wp-content\/uploads\/2025\/08\/Capture-decran-2025-08-29-a-11.07.37.png?resize=768%2C364&amp;ssl=1 768w\" sizes=\"auto, (max-width: 938px) 100vw, 938px\" \/><\/figure>\n\n\n\n<p>Proc\u00e9dure d&rsquo;identification \u00e0 2 facteurs : selon le mode de v\u00e9rification que vous avez configur\u00e9 (SMS, authenticator, Microsoft&#8230;), vous devez v\u00e9rifier votre connexion avec un deuxi\u00e8me appareil. <\/p>\n\n\n\n<figure class=\"wp-block-image size-full is-resized\"><img data-recalc-dims=\"1\" loading=\"lazy\" decoding=\"async\" width=\"906\" height=\"544\" src=\"https:\/\/i0.wp.com\/campus.hesge.ch\/headbiblio\/wp-content\/uploads\/2025\/08\/Capture-decran-2025-08-29-a-11.13.52.png?resize=906%2C544&#038;ssl=1\" alt=\"\" class=\"wp-image-3802\" style=\"width:686px;height:auto\" srcset=\"https:\/\/i0.wp.com\/campus.hesge.ch\/headbiblio\/wp-content\/uploads\/2025\/08\/Capture-decran-2025-08-29-a-11.13.52.png?w=906&amp;ssl=1 906w, https:\/\/i0.wp.com\/campus.hesge.ch\/headbiblio\/wp-content\/uploads\/2025\/08\/Capture-decran-2025-08-29-a-11.13.52.png?resize=300%2C180&amp;ssl=1 300w, https:\/\/i0.wp.com\/campus.hesge.ch\/headbiblio\/wp-content\/uploads\/2025\/08\/Capture-decran-2025-08-29-a-11.13.52.png?resize=768%2C461&amp;ssl=1 768w\" sizes=\"auto, (max-width: 906px) 100vw, 906px\" \/><\/figure>\n\n\n\n<p><\/p>\n","protected":false},"excerpt":{"rendered":"<p>Le VPN, (Virtual Private Network) vous permet d&rsquo;acc\u00e9der aux r\u00e9seaux et aux ressources de la HEAD et HES-SO depuis votre ordinateur personnel. Le VPN \u00e0 s\u00e9lectionner est SID (pour Service Informatique Documentaire). Vous avez ainsi acc\u00e8s aux bases de donn\u00e9es et revues en lignes au sein du r\u00e9seau de l&rsquo;\u00e9cole via votre ordinateur priv\u00e9. Cela&hellip;&nbsp;<a href=\"https:\/\/campus.hesge.ch\/headbiblio\/vpn\/\" rel=\"bookmark\">Lire la suite &raquo;<span class=\"screen-reader-text\">Connecter le VPN<\/span><\/a><\/p>\n","protected":false},"author":1,"featured_media":0,"parent":0,"menu_order":10,"comment_status":"closed","ping_status":"closed","template":"","meta":{"neve_meta_sidebar":"","neve_meta_container":"","neve_meta_enable_content_width":"","neve_meta_content_width":0,"neve_meta_title_alignment":"","neve_meta_author_avatar":"","neve_post_elements_order":"","neve_meta_disable_header":"","neve_meta_disable_footer":"","neve_meta_disable_title":"","footnotes":""},"class_list":["post-1770","page","type-page","status-publish","hentry"],"jetpack_sharing_enabled":true,"_links":{"self":[{"href":"https:\/\/campus.hesge.ch\/headbiblio\/wp-json\/wp\/v2\/pages\/1770","targetHints":{"allow":["GET"]}}],"collection":[{"href":"https:\/\/campus.hesge.ch\/headbiblio\/wp-json\/wp\/v2\/pages"}],"about":[{"href":"https:\/\/campus.hesge.ch\/headbiblio\/wp-json\/wp\/v2\/types\/page"}],"author":[{"embeddable":true,"href":"https:\/\/campus.hesge.ch\/headbiblio\/wp-json\/wp\/v2\/users\/1"}],"replies":[{"embeddable":true,"href":"https:\/\/campus.hesge.ch\/headbiblio\/wp-json\/wp\/v2\/comments?post=1770"}],"version-history":[{"count":9,"href":"https:\/\/campus.hesge.ch\/headbiblio\/wp-json\/wp\/v2\/pages\/1770\/revisions"}],"predecessor-version":[{"id":3804,"href":"https:\/\/campus.hesge.ch\/headbiblio\/wp-json\/wp\/v2\/pages\/1770\/revisions\/3804"}],"wp:attachment":[{"href":"https:\/\/campus.hesge.ch\/headbiblio\/wp-json\/wp\/v2\/media?parent=1770"}],"curies":[{"name":"wp","href":"https:\/\/api.w.org\/{rel}","templated":true}]}}