{"id":2328,"date":"2021-12-07T15:52:35","date_gmt":"2021-12-07T15:52:35","guid":{"rendered":"https:\/\/campus.hesge.ch\/headbiblio\/?page_id=2328"},"modified":"2021-12-07T16:26:12","modified_gmt":"2021-12-07T16:26:12","slug":"cotes-et-classification-comment-sy-retrouver","status":"publish","type":"page","link":"https:\/\/campus.hesge.ch\/headbiblio\/cotes-et-classification-comment-sy-retrouver\/","title":{"rendered":"Cotes et classification : comment s&rsquo;y retrouver ?"},"content":{"rendered":"\n<p>La biblioth\u00e8que utilise la CDU (classification d\u00e9cimale universelle). Les livres sont class\u00e9s par cotes et regroup\u00e9s dans diff\u00e9rentes th\u00e9matiques et sous-th\u00e9matiques sp\u00e9cifiques aux domaines de l&rsquo;art, identifi\u00e9s par des chiffres. Voici un petit guide pour vous y retrouver.<\/p>\n\n\n\n<h3 class=\"wp-block-heading\">LA COTE<\/h3>\n\n\n\n<p>La cote est un code qui d\u00e9termine l\u2019adresse d\u2019un document parmi les rayonnages d\u2019une biblioth\u00e8que. Vous pouvez la retrouver sur le dos des livres, en bas. Elle se pr\u00e9sente sous la forme d\u2019une s\u00e9rie de chiffres et de lettres, sur une petite \u00e9tiquette. Les chiffres indiquent la th\u00e9matique et les lettres sont les premi\u00e8res lettres du nom de l\u2019auteur-ice, de l\u2019artiste ou du titre.<\/p>\n\n\n\n<h4 class=\"wp-block-heading\">Un exemple :<\/h4>\n\n\n\n<p><strong>746(494) COS <\/strong>: \u00ab Costumes suisses images et traditions \u00bb, 1986<br>\u2013 746 = Mode<br>\u2013 (494) = Suisse<br>\u2013 COS = d\u00e9but du titre<\/p>\n\n\n\n<h4 class=\"wp-block-heading\">Un autre exemple :<\/h4>\n\n\n\n<p><strong>7.071 KELM <\/strong>: \u00ab Tomato Target \u00bb d\u2019Annette Kelm<br> \u2013  7.071 = Monographie d\u2019artiste<br> \u2013  KELM = nom de l\u2019auteur-ice et \/ ou artiste (les monographies ont 4 lettres au lieu de 3)<\/p>\n\n\n\n<h4 class=\"wp-block-heading\">Parenth\u00e8ses<\/h4>\n\n\n\n<p>Les parenth\u00e8ses offrent une pr\u00e9cision sur le type d\u2019ouvrage.Les parenth\u00e8ses (03), (05) et (09) se trouvent au d\u00e9but des cotes<br>et signifient :<br>\u2013 (03) : dictionnaires et encyclop\u00e9dies<br>\u2013 (05) : p\u00e9riodiques et revues<br>\u2013 (09) : histoire<\/p>\n\n\n\n<p>Toutes les autres parenth\u00e8ses telles que (494), (72) ou encore (93), sont des codes pays et se trouvent \u00e0 la fin des cotes.<br>Ainsi, le livre cot\u00e9 <strong>746(09) FAS<\/strong> sera au d\u00e9but de la cote 746, et le livre cot\u00e9 <strong>746(494) ARC<\/strong> sera \u00e0 la fin de cette m\u00eame cote.<\/p>\n\n\n\n<h4 class=\"wp-block-heading\">Fonctionnement <\/h4>\n\n\n\n<p>Les livres sont rang\u00e9s par ordre num\u00e9rique, puis alphab\u00e9tique.<br>Quelques exemples :<br>\u2013 le livre cot\u00e9 <strong>7.043<\/strong> sera entre<strong> 7.04<\/strong> et <strong>7.043.2<\/strong><br>\u2013 le livre cot\u00e9 <strong>803.1<\/strong> sera entre <strong>803<\/strong> et <strong>804<\/strong><br>\u2013 le livre cot\u00e9<strong> 724<\/strong> sera entre <strong>72<\/strong> et<strong> 725<\/strong><br>\u2013 le livre cot\u00e9 <strong>7.071 DERM<\/strong> sera entre <strong>7.071 CRIS<\/strong> et <strong>7.071 EAME<\/strong><\/p>\n\n\n\n<h4 class=\"wp-block-heading\">Couleurs<\/h4>\n\n\n\n<div class=\"wp-block-image\"><figure class=\"alignleft size-full is-resized\"><img data-recalc-dims=\"1\" loading=\"lazy\" decoding=\"async\" src=\"https:\/\/i0.wp.com\/campus.hesge.ch\/headbiblio\/wp-content\/uploads\/2021\/12\/image-3.png?resize=416%2C162&#038;ssl=1\" alt=\"\u2013 Vert : livre\n\u2013 Mauve : livre provenant d\u2019un don ou d\u2019un legs\n\u2013 Jaune : DVD\n\u2013 Bleu : coffret DVD de 3 ou plus\n\u2013 Rouge : disque ou CD\" class=\"wp-image-3096\" width=\"416\" height=\"162\" srcset=\"https:\/\/i0.wp.com\/campus.hesge.ch\/headbiblio\/wp-content\/uploads\/2021\/12\/image-3.png?w=416&amp;ssl=1 416w, https:\/\/i0.wp.com\/campus.hesge.ch\/headbiblio\/wp-content\/uploads\/2021\/12\/image-3.png?resize=300%2C117&amp;ssl=1 300w\" sizes=\"auto, (max-width: 416px) 100vw, 416px\" \/><\/figure><\/div>\n","protected":false},"excerpt":{"rendered":"<p>La biblioth\u00e8que utilise la CDU (classification d\u00e9cimale universelle). Les livres sont class\u00e9s par cotes et regroup\u00e9s dans diff\u00e9rentes th\u00e9matiques et sous-th\u00e9matiques sp\u00e9cifiques aux domaines de l&rsquo;art, identifi\u00e9s par des chiffres. Voici un petit guide pour vous y retrouver. LA COTE La cote est un code qui d\u00e9termine l\u2019adresse d\u2019un document parmi les rayonnages d\u2019une biblioth\u00e8que.&hellip;&nbsp;<a href=\"https:\/\/campus.hesge.ch\/headbiblio\/cotes-et-classification-comment-sy-retrouver\/\" rel=\"bookmark\">Lire la suite &raquo;<span class=\"screen-reader-text\">Cotes et classification : comment s&rsquo;y retrouver ?<\/span><\/a><\/p>\n","protected":false},"author":1,"featured_media":0,"parent":0,"menu_order":4,"comment_status":"closed","ping_status":"closed","template":"","meta":{"neve_meta_sidebar":"full-width","neve_meta_container":"","neve_meta_enable_content_width":"on","neve_meta_content_width":100,"neve_meta_title_alignment":"","neve_meta_author_avatar":"","neve_post_elements_order":"","neve_meta_disable_header":"","neve_meta_disable_footer":"","neve_meta_disable_title":"","footnotes":""},"class_list":["post-2328","page","type-page","status-publish","hentry"],"jetpack_sharing_enabled":true,"_links":{"self":[{"href":"https:\/\/campus.hesge.ch\/headbiblio\/wp-json\/wp\/v2\/pages\/2328","targetHints":{"allow":["GET"]}}],"collection":[{"href":"https:\/\/campus.hesge.ch\/headbiblio\/wp-json\/wp\/v2\/pages"}],"about":[{"href":"https:\/\/campus.hesge.ch\/headbiblio\/wp-json\/wp\/v2\/types\/page"}],"author":[{"embeddable":true,"href":"https:\/\/campus.hesge.ch\/headbiblio\/wp-json\/wp\/v2\/users\/1"}],"replies":[{"embeddable":true,"href":"https:\/\/campus.hesge.ch\/headbiblio\/wp-json\/wp\/v2\/comments?post=2328"}],"version-history":[{"count":4,"href":"https:\/\/campus.hesge.ch\/headbiblio\/wp-json\/wp\/v2\/pages\/2328\/revisions"}],"predecessor-version":[{"id":3101,"href":"https:\/\/campus.hesge.ch\/headbiblio\/wp-json\/wp\/v2\/pages\/2328\/revisions\/3101"}],"wp:attachment":[{"href":"https:\/\/campus.hesge.ch\/headbiblio\/wp-json\/wp\/v2\/media?parent=2328"}],"curies":[{"name":"wp","href":"https:\/\/api.w.org\/{rel}","templated":true}]}}