{"id":2641,"date":"2020-11-23T14:44:24","date_gmt":"2020-11-23T14:44:24","guid":{"rendered":"https:\/\/campus.hesge.ch\/headbiblio\/?page_id=2641"},"modified":"2025-04-24T13:36:01","modified_gmt":"2025-04-24T13:36:01","slug":"connecter-ou-creer-un-compte-swisscovery","status":"publish","type":"page","link":"https:\/\/campus.hesge.ch\/headbiblio\/connecter-ou-creer-un-compte-swisscovery\/","title":{"rendered":"Cr\u00e9er un compte \/ modifier vos infos"},"content":{"rendered":"\n<p>La plateforme Swisscovery est la plateforme commune du r\u00e9seau des biblioth\u00e8ques HES et universitaires depuis<strong> 2020.<\/strong> Cette nouvelle plateforme remplace les r\u00e9seaux ReRo, Nebis et IDS. Elle permet de <strong>nouveaux services<\/strong>, ainsi qu&rsquo;une offre plus riche.<\/p>\n\n\n\n<p>Swisscovery hes-so se trouve \u00e0 l&rsquo;adresse :<a href=\"https:\/\/swisscovery.hes-so.ch\">https:\/\/hesso.swisscovery.slsp.ch<\/a><\/p>\n\n\n\n<p><strong>Connectez-vous ou <a href=\"https:\/\/registration.slsp.ch\/\" target=\"_blank\" rel=\"noreferrer noopener\">cr\u00e9ez votre compte<\/a> pour acc\u00e9der aux services de la nouvelles plateforme<\/strong><\/p>\n\n\n\n<ul class=\"wp-block-list\">\n<li><strong>Etudiant.e.x<\/strong> HES-SO : utilisez vos <strong>identifiants AAI<\/strong> et utilisez votre mail <strong>@hesge<\/strong><\/li>\n\n\n\n<li><strong>Public externe<\/strong>, cr\u00e9ez un SWITCH edu-ID lors de <a href=\"https:\/\/registration.slsp.ch\/\" target=\"_blank\" rel=\"noreferrer noopener\">l&rsquo;inscription<\/a><\/li>\n<\/ul>\n\n\n\n<p>Marche \u00e0 suivre :<\/p>\n\n\n\n<figure class=\"wp-block-image size-large\"><img data-recalc-dims=\"1\" loading=\"lazy\" decoding=\"async\" width=\"1024\" height=\"590\" src=\"https:\/\/i0.wp.com\/campus.hesge.ch\/headbiblio\/wp-content\/uploads\/2020\/11\/image-1.png?resize=1024%2C590&#038;ssl=1\" alt=\"Capture d'\u00e9cran de la page &quot;enregistrement&quot; sur swisscovery avec bouton &quot;d\u00e9marrer l'enregistrement&quot;\" class=\"wp-image-2635\" srcset=\"https:\/\/i0.wp.com\/campus.hesge.ch\/headbiblio\/wp-content\/uploads\/2020\/11\/image-1.png?resize=1024%2C590&amp;ssl=1 1024w, https:\/\/i0.wp.com\/campus.hesge.ch\/headbiblio\/wp-content\/uploads\/2020\/11\/image-1.png?resize=300%2C173&amp;ssl=1 300w, https:\/\/i0.wp.com\/campus.hesge.ch\/headbiblio\/wp-content\/uploads\/2020\/11\/image-1.png?resize=768%2C442&amp;ssl=1 768w, https:\/\/i0.wp.com\/campus.hesge.ch\/headbiblio\/wp-content\/uploads\/2020\/11\/image-1.png?w=1049&amp;ssl=1 1049w\" sizes=\"auto, (max-width: 1024px) 100vw, 1024px\" \/><figcaption class=\"wp-element-caption\">Capture d&rsquo;\u00e9cran : D\u00e9marrer l&rsquo;enregistrement<\/figcaption><\/figure>\n\n\n\n<p>Si vous avez d\u00e9j\u00e0 un compte SWITCH edu-ID, entrez vos identifiants mail et mot de passe. <br>Sinon, cliquez sur \u00ab\u00a0Cr\u00e9er un compte\u00a0\u00bb.<\/p>\n\n\n\n<figure class=\"wp-block-image size-large\"><img data-recalc-dims=\"1\" loading=\"lazy\" decoding=\"async\" width=\"815\" height=\"707\" src=\"https:\/\/i0.wp.com\/campus.hesge.ch\/headbiblio\/wp-content\/uploads\/2020\/11\/image-2.png?resize=815%2C707&#038;ssl=1\" alt=\"Capture d'\u00e9cran de la page de connexuion \u00e0 l'enregistrement Swisscovery : appuyer sur le bouton &quot;cr\u00e9er un compte&quot;\" class=\"wp-image-2636\" srcset=\"https:\/\/i0.wp.com\/campus.hesge.ch\/headbiblio\/wp-content\/uploads\/2020\/11\/image-2.png?w=815&amp;ssl=1 815w, https:\/\/i0.wp.com\/campus.hesge.ch\/headbiblio\/wp-content\/uploads\/2020\/11\/image-2.png?resize=300%2C260&amp;ssl=1 300w, https:\/\/i0.wp.com\/campus.hesge.ch\/headbiblio\/wp-content\/uploads\/2020\/11\/image-2.png?resize=768%2C666&amp;ssl=1 768w\" sizes=\"auto, (max-width: 815px) 100vw, 815px\" \/><figcaption class=\"wp-element-caption\">Capture d&rsquo;\u00e9cran : cr\u00e9er un compte<\/figcaption><\/figure>\n\n\n\n<p>Choisissez ensuite l&rsquo;option ad\u00e9quate : <br><em><strong>Cr\u00e9er avec AAI<\/strong><\/em> pour les membres HES-SO, profs, \u00e9tudian.t.e.x.s \/\/ <em><strong>Cr\u00e9er sans AAI<\/strong><\/em> pour les externes.<br><strong>S\u00e9lectionnez votre institution<\/strong> : <em>\u00ab\u00a0HES-SO : Haute \u00c9cole Sp\u00e9cialis\u00e9e de Suisse occidentale<\/em>\u00ab\u00a0<\/p>\n\n\n\n<figure class=\"wp-block-image size-large\"><img data-recalc-dims=\"1\" loading=\"lazy\" decoding=\"async\" width=\"763\" height=\"600\" src=\"https:\/\/i0.wp.com\/campus.hesge.ch\/headbiblio\/wp-content\/uploads\/2020\/11\/image-4.png?resize=763%2C600&#038;ssl=1\" alt=\"\" class=\"wp-image-2638\" srcset=\"https:\/\/i0.wp.com\/campus.hesge.ch\/headbiblio\/wp-content\/uploads\/2020\/11\/image-4.png?w=763&amp;ssl=1 763w, https:\/\/i0.wp.com\/campus.hesge.ch\/headbiblio\/wp-content\/uploads\/2020\/11\/image-4.png?resize=300%2C236&amp;ssl=1 300w\" sizes=\"auto, (max-width: 763px) 100vw, 763px\" \/><figcaption class=\"wp-element-caption\">Capture d&rsquo;\u00e9cran : cr\u00e9er avec AAI ou sans AAI<\/figcaption><\/figure>\n\n\n\n<p>Avec AAI, vous \u00eates redirig\u00e9s vers la page d&rsquo;identification. Entrez vos logins et mot de passe. <\/p>\n\n\n\n<figure class=\"wp-block-image size-large\"><img data-recalc-dims=\"1\" loading=\"lazy\" decoding=\"async\" width=\"512\" height=\"554\" src=\"https:\/\/i0.wp.com\/campus.hesge.ch\/headbiblio\/wp-content\/uploads\/2020\/11\/image-5.png?resize=512%2C554&#038;ssl=1\" alt=\"\" class=\"wp-image-2639\" srcset=\"https:\/\/i0.wp.com\/campus.hesge.ch\/headbiblio\/wp-content\/uploads\/2020\/11\/image-5.png?w=512&amp;ssl=1 512w, https:\/\/i0.wp.com\/campus.hesge.ch\/headbiblio\/wp-content\/uploads\/2020\/11\/image-5.png?resize=277%2C300&amp;ssl=1 277w\" sizes=\"auto, (max-width: 512px) 100vw, 512px\" \/><figcaption class=\"wp-element-caption\">Capture d&rsquo;\u00e9cran : connexion AAI<\/figcaption><\/figure>\n\n\n\n<p>Si vous n&rsquo;avez pas de compte AAI, remplissez le formulaire en indiquant toutes les informations requises. <br><strong>Veillez \u00e0 utiliser une adresse mail valide pour recevoir les notifications importantes comme la date de retour d&rsquo;un ouvrage ou une r\u00e9servation de document.<\/strong><\/p>\n\n\n\n<figure class=\"wp-block-image size-large\"><img data-recalc-dims=\"1\" loading=\"lazy\" decoding=\"async\" width=\"737\" height=\"723\" src=\"https:\/\/i0.wp.com\/campus.hesge.ch\/headbiblio\/wp-content\/uploads\/2020\/11\/image-6.png?resize=737%2C723&#038;ssl=1\" alt=\"\" class=\"wp-image-2640\" srcset=\"https:\/\/i0.wp.com\/campus.hesge.ch\/headbiblio\/wp-content\/uploads\/2020\/11\/image-6.png?w=737&amp;ssl=1 737w, https:\/\/i0.wp.com\/campus.hesge.ch\/headbiblio\/wp-content\/uploads\/2020\/11\/image-6.png?resize=300%2C294&amp;ssl=1 300w\" sizes=\"auto, (max-width: 737px) 100vw, 737px\" \/><figcaption class=\"wp-element-caption\">Capture d&rsquo;\u00e9cran : formulaire edu-ID<\/figcaption><\/figure>\n\n\n\n<h5 class=\"wp-block-heading\">Vous pouvez conserver votre num\u00e9ro de carte \u00e9tudiant.e.x ou carte rero, en indiquant celui-ci dans vos informations. Vous n&rsquo;aurez ainsi pas besoin d&rsquo;une nouvelle carte !<\/h5>\n\n\n\n<p>Modifier vos donn\u00e9es personnelles : <\/p>\n\n\n\n<figure class=\"wp-block-embed is-type-video is-provider-youtube wp-block-embed-youtube wp-embed-aspect-16-9 wp-has-aspect-ratio\"><div class=\"wp-block-embed__wrapper\">\n<div class=\"nv-iframe-embed\"><iframe loading=\"lazy\" title=\"2 - Changer vos donn\u00e9es personnelles depuis votre compte swisscovery\" width=\"1200\" height=\"675\" src=\"https:\/\/www.youtube.com\/embed\/F8YtlQQtBN4?feature=oembed\" frameborder=\"0\" allow=\"accelerometer; autoplay; clipboard-write; encrypted-media; gyroscope; picture-in-picture; web-share\" referrerpolicy=\"strict-origin-when-cross-origin\" allowfullscreen><\/iframe><\/div>\n<\/div><\/figure>\n\n\n\n<p>Ajouter \/ changer votre num\u00e9ro de carte : <\/p>\n\n\n\n<figure class=\"wp-block-embed is-type-video is-provider-youtube wp-block-embed-youtube wp-embed-aspect-16-9 wp-has-aspect-ratio\"><div class=\"wp-block-embed__wrapper\">\n<div class=\"nv-iframe-embed\"><iframe loading=\"lazy\" title=\"3 - Ajouter\/Supprimer un num\u00e9ro de carte de biblioth\u00e8que\" width=\"1200\" height=\"675\" src=\"https:\/\/www.youtube.com\/embed\/cmvDxJ3v1gA?list=PL1VCmWm-r5qXt4VHZZGfZOAimuFnOuvSH\" frameborder=\"0\" allow=\"accelerometer; autoplay; clipboard-write; encrypted-media; gyroscope; picture-in-picture; web-share\" referrerpolicy=\"strict-origin-when-cross-origin\" allowfullscreen><\/iframe><\/div>\n<\/div><\/figure>\n","protected":false},"excerpt":{"rendered":"<p>La plateforme Swisscovery est la plateforme commune du r\u00e9seau des biblioth\u00e8ques HES et universitaires depuis 2020. Cette nouvelle plateforme remplace les r\u00e9seaux ReRo, Nebis et IDS. Elle permet de nouveaux services, ainsi qu&rsquo;une offre plus riche. Swisscovery hes-so se trouve \u00e0 l&rsquo;adresse :https:\/\/hesso.swisscovery.slsp.ch Connectez-vous ou cr\u00e9ez votre compte pour acc\u00e9der aux services de la nouvelles&hellip;&nbsp;<a href=\"https:\/\/campus.hesge.ch\/headbiblio\/connecter-ou-creer-un-compte-swisscovery\/\" rel=\"bookmark\">Lire la suite &raquo;<span class=\"screen-reader-text\">Cr\u00e9er un compte \/ modifier vos infos<\/span><\/a><\/p>\n","protected":false},"author":1,"featured_media":0,"parent":0,"menu_order":3,"comment_status":"closed","ping_status":"closed","template":"","meta":{"neve_meta_sidebar":"full-width","neve_meta_container":"","neve_meta_enable_content_width":"on","neve_meta_content_width":100,"neve_meta_title_alignment":"","neve_meta_author_avatar":"","neve_post_elements_order":"","neve_meta_disable_header":"","neve_meta_disable_footer":"","neve_meta_disable_title":"","footnotes":""},"class_list":["post-2641","page","type-page","status-publish","hentry"],"jetpack_sharing_enabled":true,"_links":{"self":[{"href":"https:\/\/campus.hesge.ch\/headbiblio\/wp-json\/wp\/v2\/pages\/2641","targetHints":{"allow":["GET"]}}],"collection":[{"href":"https:\/\/campus.hesge.ch\/headbiblio\/wp-json\/wp\/v2\/pages"}],"about":[{"href":"https:\/\/campus.hesge.ch\/headbiblio\/wp-json\/wp\/v2\/types\/page"}],"author":[{"embeddable":true,"href":"https:\/\/campus.hesge.ch\/headbiblio\/wp-json\/wp\/v2\/users\/1"}],"replies":[{"embeddable":true,"href":"https:\/\/campus.hesge.ch\/headbiblio\/wp-json\/wp\/v2\/comments?post=2641"}],"version-history":[{"count":10,"href":"https:\/\/campus.hesge.ch\/headbiblio\/wp-json\/wp\/v2\/pages\/2641\/revisions"}],"predecessor-version":[{"id":3750,"href":"https:\/\/campus.hesge.ch\/headbiblio\/wp-json\/wp\/v2\/pages\/2641\/revisions\/3750"}],"wp:attachment":[{"href":"https:\/\/campus.hesge.ch\/headbiblio\/wp-json\/wp\/v2\/media?parent=2641"}],"curies":[{"name":"wp","href":"https:\/\/api.w.org\/{rel}","templated":true}]}}