{"id":2656,"date":"2020-12-03T15:55:41","date_gmt":"2020-12-03T15:55:41","guid":{"rendered":"https:\/\/campus.hesge.ch\/headbiblio\/?page_id=2656"},"modified":"2025-04-24T13:36:22","modified_gmt":"2025-04-24T13:36:22","slug":"pret-entre-bibliotheques","status":"publish","type":"page","link":"https:\/\/campus.hesge.ch\/headbiblio\/pret-entre-bibliotheques\/","title":{"rendered":"Pr\u00eat entre biblioth\u00e8ques \/ commandes dans le r\u00e9seau"},"content":{"rendered":"\n<h3 class=\"wp-block-heading\">Service de <em>Navette\/Courrier<\/em><\/h3>\n\n\n\n<p>Depuis la mise en place de la nouvelle plateforme <a href=\"https:\/\/slsp-hesso.primo.exlibrisgroup.com\/discovery\">Swisscovery<\/a>, les <strong>membres des HES-SO<\/strong> <strong>de Gen\u00e8ve<\/strong> ont acc\u00e8s \u00e0 un service de navettes appel\u00e9 <em><strong><a rel=\"noreferrer noopener\" href=\"https:\/\/view.genial.ly\/62a1dccc3015540018478a9d\" target=\"_blank\">SLSP Courier<\/a><\/strong><\/em>. <br>Ce service vous permet de faire venir <strong>gratuitement en 72 heures<\/strong> des ouvrages depuis toutes les biblioth\u00e8ques participantes du r\u00e9seau. <\/p>\n\n\n\n<p class=\"has-neve-link-color-color has-text-color\"><strong>Si un ouvrage ne se trouve pas \u00e0 la biblioth\u00e8que de la HEAD, vous pouvez le faire venir par navette depuis le r\u00e9seau<\/strong> !<\/p>\n\n\n\n<figure class=\"wp-block-embed is-type-video is-provider-youtube wp-block-embed-youtube wp-embed-aspect-16-9 wp-has-aspect-ratio\"><div class=\"wp-block-embed__wrapper\">\n<div class=\"nv-iframe-embed\"><iframe loading=\"lazy\" title=\"7 - Faire une demande de livraison de documents entre les biblioth\u00e8ques swisscovery\" width=\"1200\" height=\"675\" src=\"https:\/\/www.youtube.com\/embed\/CmH8qjKZwzM?feature=oembed\" frameborder=\"0\" allow=\"accelerometer; autoplay; clipboard-write; encrypted-media; gyroscope; picture-in-picture; web-share\" referrerpolicy=\"strict-origin-when-cross-origin\" allowfullscreen><\/iframe><\/div>\n<\/div><\/figure>\n\n\n\n<h4 class=\"wp-block-heading\">Commander : <\/h4>\n\n\n\n<p>Sur la plateforme <a rel=\"noreferrer noopener\" href=\"https:\/\/slsp-hesso.primo.exlibrisgroup.com\/discovery\/search?vid=41SLSP_HES:VU1\" target=\"_blank\">Swisscovery<\/a> : <strong>identifiez-vous<\/strong>, puis recherchez l&rsquo;ouvrage qui vous int\u00e9resse.<\/p>\n\n\n\n<p><em><strong>Swisscovery HES-SO<\/strong><\/em> vous donne acc\u00e8s au r\u00e9seau HES-SO <br><strong><em>Swisscovery<\/em> <\/strong>\u00e0 l&rsquo;ensemble des biblioth\u00e8ques universitaires et sp\u00e9cialis\u00e9es <br><em><strong>Swisscovery plus<\/strong><\/em> inclut le r\u00e9seau Renouvaud (BCUL par exemple).<\/p>\n\n\n\n<p>Attention : Le \u00ab\u00a0Retrait sur place\u00a0\u00bb vous donne les lieux ou vous pouvez aller les chercher SUR PLACE. <\/p>\n\n\n\n<p>Descendez plus bas dans les options suppl\u00e9mentaires (logo du camion) : <br>Cliquez sur \u00ab\u00a0<strong>demander<\/strong>\u00a0\u00bb <br>S\u00e9lectionnez l&rsquo;<strong>Institution de retrait<\/strong> \u00ab\u00a0<strong>HES<\/strong>&#8211;<strong>SO\u00a0\u00bb<\/strong><br><strong>Biblioth\u00e8que de retrait<\/strong> \u00ab\u00a0HEAD (Gen\u00e8ve)\u00a0\u00bb<\/p>\n\n\n\n<p class=\"has-neve-link-color-color has-text-color\"><strong>Les frais d&rsquo;envoi sont offerts aux \u00e9l\u00e8ves et collaborat-eur-rice-x-s de la HEAD<\/strong> !<br>Attention : en cas de non retrait des ouvrages command\u00e9s, les frais sont factur\u00e9s sur votre compte (8.-\/ouvrage).<br>Les demandes de num\u00e9risation et envoi postal \u00e0 domicile restent <strong>payants<\/strong>.<\/p>\n\n\n\n<figure class=\"wp-block-image size-full is-style-default\"><img data-recalc-dims=\"1\" loading=\"lazy\" decoding=\"async\" width=\"649\" height=\"245\" src=\"https:\/\/i0.wp.com\/campus.hesge.ch\/headbiblio\/wp-content\/uploads\/2023\/09\/image.png?resize=649%2C245&#038;ssl=1\" alt=\"\" class=\"wp-image-3348\" srcset=\"https:\/\/i0.wp.com\/campus.hesge.ch\/headbiblio\/wp-content\/uploads\/2023\/09\/image.png?w=649&amp;ssl=1 649w, https:\/\/i0.wp.com\/campus.hesge.ch\/headbiblio\/wp-content\/uploads\/2023\/09\/image.png?resize=300%2C113&amp;ssl=1 300w\" sizes=\"auto, (max-width: 649px) 100vw, 649px\" \/><\/figure>\n\n\n\n<h4 class=\"wp-block-heading\"><strong>Retrait dans une autre biblioth\u00e8que  HESGE :<\/strong><\/h4>\n\n\n\n<p>En tant que <strong>membre @hesge<\/strong>, vous pouvez faire venir vos ouvrages \u00e0 la HEAD ou dans une autre biblioth\u00e8que HES de Gen\u00e8ve.<br>A savoir, les biblioth\u00e8ques : HETS, HEPIA, HEM, HEG, HEAD, HEdS. <br><strong>Attention <\/strong>: Si vous faites venir des ouvrages dans une biblioth\u00e8que <strong>autre <\/strong>que HESGE, ce service vous sera factur\u00e9 ! (<strong>8.-<\/strong>\/ouvrage)<\/p>\n\n\n\n<h4 class=\"wp-block-heading\"><strong>Attention : <\/strong><\/h4>\n\n\n\n<p class=\"has-text-color\" style=\"color:#ff0915\">Ce service est offert aux <strong>membres de la HES-SO Gen\u00e8ve<\/strong>, dans les <strong>biblioth\u00e8ques de retrait HES GE<\/strong>. <br>Pour les <strong>lecteurs externes<\/strong>, ce service est factur\u00e9 <strong>8.- par document<\/strong>.<br>Attention : certaines biblioth\u00e8ques proposent le pr\u00eat \u00e0 domicile, ce service reste payant.<\/p>\n","protected":false},"excerpt":{"rendered":"<p>Service de Navette\/Courrier Depuis la mise en place de la nouvelle plateforme Swisscovery, les membres des HES-SO de Gen\u00e8ve ont acc\u00e8s \u00e0 un service de navettes appel\u00e9 SLSP Courier. Ce service vous permet de faire venir gratuitement en 72 heures des ouvrages depuis toutes les biblioth\u00e8ques participantes du r\u00e9seau. Si un ouvrage ne se trouve&hellip;&nbsp;<a href=\"https:\/\/campus.hesge.ch\/headbiblio\/pret-entre-bibliotheques\/\" rel=\"bookmark\">Lire la suite &raquo;<span class=\"screen-reader-text\">Pr\u00eat entre biblioth\u00e8ques \/ commandes dans le r\u00e9seau<\/span><\/a><\/p>\n","protected":false},"author":1,"featured_media":0,"parent":0,"menu_order":6,"comment_status":"closed","ping_status":"closed","template":"","meta":{"neve_meta_sidebar":"full-width","neve_meta_container":"","neve_meta_enable_content_width":"on","neve_meta_content_width":100,"neve_meta_title_alignment":"","neve_meta_author_avatar":"","neve_post_elements_order":"","neve_meta_disable_header":"","neve_meta_disable_footer":"","neve_meta_disable_title":"","footnotes":""},"class_list":["post-2656","page","type-page","status-publish","hentry"],"jetpack_sharing_enabled":true,"_links":{"self":[{"href":"https:\/\/campus.hesge.ch\/headbiblio\/wp-json\/wp\/v2\/pages\/2656","targetHints":{"allow":["GET"]}}],"collection":[{"href":"https:\/\/campus.hesge.ch\/headbiblio\/wp-json\/wp\/v2\/pages"}],"about":[{"href":"https:\/\/campus.hesge.ch\/headbiblio\/wp-json\/wp\/v2\/types\/page"}],"author":[{"embeddable":true,"href":"https:\/\/campus.hesge.ch\/headbiblio\/wp-json\/wp\/v2\/users\/1"}],"replies":[{"embeddable":true,"href":"https:\/\/campus.hesge.ch\/headbiblio\/wp-json\/wp\/v2\/comments?post=2656"}],"version-history":[{"count":25,"href":"https:\/\/campus.hesge.ch\/headbiblio\/wp-json\/wp\/v2\/pages\/2656\/revisions"}],"predecessor-version":[{"id":3753,"href":"https:\/\/campus.hesge.ch\/headbiblio\/wp-json\/wp\/v2\/pages\/2656\/revisions\/3753"}],"wp:attachment":[{"href":"https:\/\/campus.hesge.ch\/headbiblio\/wp-json\/wp\/v2\/media?parent=2656"}],"curies":[{"name":"wp","href":"https:\/\/api.w.org\/{rel}","templated":true}]}}