{"id":2674,"date":"2020-12-08T08:25:01","date_gmt":"2020-12-08T08:25:01","guid":{"rendered":"https:\/\/campus.hesge.ch\/headbiblio\/?page_id=2674"},"modified":"2025-04-24T13:36:08","modified_gmt":"2025-04-24T13:36:08","slug":"swisscovery-trouver-des-documents","status":"publish","type":"page","link":"https:\/\/campus.hesge.ch\/headbiblio\/swisscovery-trouver-des-documents\/","title":{"rendered":"Trouver des documents"},"content":{"rendered":"\n<p>Pour utiliser les services de Swisscovery, vous devez en premier lieu vous <a rel=\"noreferrer noopener\" href=\"https:\/\/campus.hesge.ch\/headbiblio\/?page_id=2641\" target=\"_blank\">inscrire sur la plateforme<\/a>. <\/p>\n\n\n\n<p>Acc\u00e9dez d&rsquo;abord \u00e0 la plateforme <a href=\"https:\/\/hesso.swisscovery.slsp.ch\" target=\"_blank\" rel=\"noreferrer noopener\">Swisscovery HES-SO<\/a>.<\/p>\n\n\n\n<h2 class=\"wp-block-heading\">Rechercher des documents physiques <\/h2>\n\n\n\n<figure class=\"wp-block-embed is-type-video is-provider-youtube wp-block-embed-youtube wp-embed-aspect-16-9 wp-has-aspect-ratio\"><div class=\"wp-block-embed__wrapper\">\n<div class=\"nv-iframe-embed\"><iframe loading=\"lazy\" title=\"4 - Rechercher et localiser des documents imprim\u00e9s depuis swisscovery|HES-SO\" width=\"1200\" height=\"675\" src=\"https:\/\/www.youtube.com\/embed\/Op-P7DVvrjo?feature=oembed\" frameborder=\"0\" allow=\"accelerometer; autoplay; clipboard-write; encrypted-media; gyroscope; picture-in-picture; web-share\" referrerpolicy=\"strict-origin-when-cross-origin\" allowfullscreen><\/iframe><\/div>\n<\/div><\/figure>\n\n\n\n<p>Cliquez sur \u00ab\u00a0s&rsquo;identifier\u00a0\u00bb en haut \u00e0 droite.<\/p>\n\n\n\n<figure class=\"wp-block-image size-large\"><img data-recalc-dims=\"1\" loading=\"lazy\" decoding=\"async\" width=\"281\" height=\"72\" src=\"https:\/\/i0.wp.com\/campus.hesge.ch\/headbiblio\/wp-content\/uploads\/2020\/12\/image-1.png?resize=281%2C72&#038;ssl=1\" alt=\"Capture d'\u00e9cran \" class=\"wp-image-2675\"\/><\/figure>\n\n\n\n<p>Connectez-vous via Switch eduID<\/p>\n\n\n\n<figure class=\"wp-block-image size-large\"><img data-recalc-dims=\"1\" loading=\"lazy\" decoding=\"async\" width=\"303\" height=\"110\" src=\"https:\/\/i0.wp.com\/campus.hesge.ch\/headbiblio\/wp-content\/uploads\/2020\/12\/image-2.png?resize=303%2C110&#038;ssl=1\" alt=\"Capture d'\u00e9cran\" class=\"wp-image-2676\" srcset=\"https:\/\/i0.wp.com\/campus.hesge.ch\/headbiblio\/wp-content\/uploads\/2020\/12\/image-2.png?w=303&amp;ssl=1 303w, https:\/\/i0.wp.com\/campus.hesge.ch\/headbiblio\/wp-content\/uploads\/2020\/12\/image-2.png?resize=300%2C109&amp;ssl=1 300w\" sizes=\"auto, (max-width: 303px) 100vw, 303px\" \/><\/figure>\n\n\n\n<p>Vous pouvez \u00e0 pr\u00e9sent faire une recherche dans le r\u00e9seau HES-SO ou une recherche \u00e9tendue dans tout Swisscovery. <br>Il est recommand\u00e9 de chercher d&rsquo;abord dans votre r\u00e9seau HES-SO. <\/p>\n\n\n\n<figure class=\"wp-block-image size-large\"><img data-recalc-dims=\"1\" loading=\"lazy\" decoding=\"async\" width=\"1024\" height=\"144\" src=\"https:\/\/i0.wp.com\/campus.hesge.ch\/headbiblio\/wp-content\/uploads\/2020\/12\/image-4.png?resize=1024%2C144&#038;ssl=1\" alt=\"Capture d'\u00e9cran\" class=\"wp-image-2678\" srcset=\"https:\/\/i0.wp.com\/campus.hesge.ch\/headbiblio\/wp-content\/uploads\/2020\/12\/image-4.png?resize=1024%2C144&amp;ssl=1 1024w, https:\/\/i0.wp.com\/campus.hesge.ch\/headbiblio\/wp-content\/uploads\/2020\/12\/image-4.png?resize=300%2C42&amp;ssl=1 300w, https:\/\/i0.wp.com\/campus.hesge.ch\/headbiblio\/wp-content\/uploads\/2020\/12\/image-4.png?resize=768%2C108&amp;ssl=1 768w, https:\/\/i0.wp.com\/campus.hesge.ch\/headbiblio\/wp-content\/uploads\/2020\/12\/image-4.png?w=1093&amp;ssl=1 1093w\" sizes=\"auto, (max-width: 1024px) 100vw, 1024px\" \/><\/figure>\n\n\n\n<p>Vous pouvez aussi utiliser la recherche avanc\u00e9e. <br>Vous pouvez trier vos r\u00e9sultats gr\u00e2ce aux options dans la colonne de gauche. <\/p>\n\n\n\n<figure class=\"wp-block-image size-large\"><img data-recalc-dims=\"1\" loading=\"lazy\" decoding=\"async\" width=\"289\" height=\"533\" src=\"https:\/\/i0.wp.com\/campus.hesge.ch\/headbiblio\/wp-content\/uploads\/2020\/12\/image-5.png?resize=289%2C533&#038;ssl=1\" alt=\"\" class=\"wp-image-2679\" srcset=\"https:\/\/i0.wp.com\/campus.hesge.ch\/headbiblio\/wp-content\/uploads\/2020\/12\/image-5.png?w=289&amp;ssl=1 289w, https:\/\/i0.wp.com\/campus.hesge.ch\/headbiblio\/wp-content\/uploads\/2020\/12\/image-5.png?resize=163%2C300&amp;ssl=1 163w\" sizes=\"auto, (max-width: 289px) 100vw, 289px\" \/><\/figure>\n\n\n\n<p>Vous voyez alors si l&rsquo;ouvrage est disponible et dans quelles institutions. <\/p>\n\n\n\n<figure class=\"wp-block-image size-large\"><img data-recalc-dims=\"1\" loading=\"lazy\" decoding=\"async\" width=\"622\" height=\"163\" src=\"https:\/\/i0.wp.com\/campus.hesge.ch\/headbiblio\/wp-content\/uploads\/2020\/12\/image-6.png?resize=622%2C163&#038;ssl=1\" alt=\"\" class=\"wp-image-2680\" srcset=\"https:\/\/i0.wp.com\/campus.hesge.ch\/headbiblio\/wp-content\/uploads\/2020\/12\/image-6.png?w=622&amp;ssl=1 622w, https:\/\/i0.wp.com\/campus.hesge.ch\/headbiblio\/wp-content\/uploads\/2020\/12\/image-6.png?resize=300%2C79&amp;ssl=1 300w\" sizes=\"auto, (max-width: 622px) 100vw, 622px\" \/><\/figure>\n\n\n\n<p>En cliquant sur le titre, vous pouvez soit enregistrer la r\u00e9f\u00e9rence dans vos favoris, soit exporter la r\u00e9f\u00e9rence bibliographique, soit \u00ab\u00a0demander\u00a0\u00bb l&rsquo;ouvrage (s&rsquo;il n&rsquo;est pas disponible dans votre biblioth\u00e8que). <br>Si l&rsquo;exemplaire est en rayon, il vous suffit de relever sa <strong><a href=\"https:\/\/campus.hesge.ch\/headbiblio\/cotes-et-classification-comment-sy-retrouver\/\" data-type=\"page\" data-id=\"2328\">cote<\/a><\/strong> \u00ab\u00a0840(494) RAD\u00a0\u00bb et de venir l&#8217;emprunter sur place. <\/p>\n\n\n\n<figure class=\"wp-block-image size-large\"><img data-recalc-dims=\"1\" loading=\"lazy\" decoding=\"async\" width=\"449\" height=\"560\" src=\"https:\/\/i0.wp.com\/campus.hesge.ch\/headbiblio\/wp-content\/uploads\/2020\/12\/image-7.png?resize=449%2C560&#038;ssl=1\" alt=\"\" class=\"wp-image-2681\" srcset=\"https:\/\/i0.wp.com\/campus.hesge.ch\/headbiblio\/wp-content\/uploads\/2020\/12\/image-7.png?w=449&amp;ssl=1 449w, https:\/\/i0.wp.com\/campus.hesge.ch\/headbiblio\/wp-content\/uploads\/2020\/12\/image-7.png?resize=241%2C300&amp;ssl=1 241w\" sizes=\"auto, (max-width: 449px) 100vw, 449px\" \/><\/figure>\n\n\n\n<p>Si l&rsquo;exemplaire n&rsquo;est pas disponible dans votre institution, vous pouvez cliquer sur \u00ab\u00a0<em>demander<\/em>\u00ab\u00a0. <br>Vous passez ainsi par le service de navettes <a href=\"https:\/\/campus.hesge.ch\/headbiblio\/?page_id=2656\"><em>Courier<\/em> ou le pr\u00eat entre biblioth\u00e8que<\/a>.<\/p>\n\n\n\n<h2 class=\"wp-block-heading\">Rechercher des documents en ligne <\/h2>\n\n\n\n<p>Consulter la page concernant les <a href=\"https:\/\/campus.hesge.ch\/headbiblio\/ressources-en-ligne-new\/\" data-type=\"page\" data-id=\"3172\">ressources en ligne <\/a><\/p>\n\n\n\n<figure class=\"wp-block-embed is-type-video is-provider-youtube wp-block-embed-youtube wp-embed-aspect-16-9 wp-has-aspect-ratio\"><div class=\"wp-block-embed__wrapper\">\n<div class=\"nv-iframe-embed\"><iframe loading=\"lazy\" title=\"5 - Rechercher et trouver des documents en ligne depuis swisscovery|HES-SO\" width=\"1200\" height=\"675\" src=\"https:\/\/www.youtube.com\/embed\/Gn-lNnqOwH0?feature=oembed\" frameborder=\"0\" allow=\"accelerometer; autoplay; clipboard-write; encrypted-media; gyroscope; picture-in-picture; web-share\" referrerpolicy=\"strict-origin-when-cross-origin\" allowfullscreen><\/iframe><\/div>\n<\/div><\/figure>\n\n\n\n<p>Nous vous recommandons aussi de consulter les <strong><a href=\"https:\/\/campus.hesge.ch\/headbiblio\/conditions-dutilisation-swisscovery\/\" data-type=\"page\" data-id=\"2741\">conditions d&rsquo;utilisation de la plateforme Swisscovery|HES-SO<\/a><\/strong><\/p>\n","protected":false},"excerpt":{"rendered":"<p>Pour utiliser les services de Swisscovery, vous devez en premier lieu vous inscrire sur la plateforme. Acc\u00e9dez d&rsquo;abord \u00e0 la plateforme Swisscovery HES-SO. Rechercher des documents physiques Cliquez sur \u00ab\u00a0s&rsquo;identifier\u00a0\u00bb en haut \u00e0 droite. Connectez-vous via Switch eduID Vous pouvez \u00e0 pr\u00e9sent faire une recherche dans le r\u00e9seau HES-SO ou une recherche \u00e9tendue dans tout&hellip;&nbsp;<a href=\"https:\/\/campus.hesge.ch\/headbiblio\/swisscovery-trouver-des-documents\/\" rel=\"bookmark\">Lire la suite &raquo;<span class=\"screen-reader-text\">Trouver des documents<\/span><\/a><\/p>\n","protected":false},"author":1,"featured_media":0,"parent":0,"menu_order":4,"comment_status":"closed","ping_status":"closed","template":"","meta":{"neve_meta_sidebar":"full-width","neve_meta_container":"","neve_meta_enable_content_width":"on","neve_meta_content_width":100,"neve_meta_title_alignment":"","neve_meta_author_avatar":"","neve_post_elements_order":"","neve_meta_disable_header":"","neve_meta_disable_footer":"","neve_meta_disable_title":"","footnotes":""},"class_list":["post-2674","page","type-page","status-publish","hentry"],"jetpack_sharing_enabled":true,"_links":{"self":[{"href":"https:\/\/campus.hesge.ch\/headbiblio\/wp-json\/wp\/v2\/pages\/2674","targetHints":{"allow":["GET"]}}],"collection":[{"href":"https:\/\/campus.hesge.ch\/headbiblio\/wp-json\/wp\/v2\/pages"}],"about":[{"href":"https:\/\/campus.hesge.ch\/headbiblio\/wp-json\/wp\/v2\/types\/page"}],"author":[{"embeddable":true,"href":"https:\/\/campus.hesge.ch\/headbiblio\/wp-json\/wp\/v2\/users\/1"}],"replies":[{"embeddable":true,"href":"https:\/\/campus.hesge.ch\/headbiblio\/wp-json\/wp\/v2\/comments?post=2674"}],"version-history":[{"count":9,"href":"https:\/\/campus.hesge.ch\/headbiblio\/wp-json\/wp\/v2\/pages\/2674\/revisions"}],"predecessor-version":[{"id":3751,"href":"https:\/\/campus.hesge.ch\/headbiblio\/wp-json\/wp\/v2\/pages\/2674\/revisions\/3751"}],"wp:attachment":[{"href":"https:\/\/campus.hesge.ch\/headbiblio\/wp-json\/wp\/v2\/media?parent=2674"}],"curies":[{"name":"wp","href":"https:\/\/api.w.org\/{rel}","templated":true}]}}