{"id":2750,"date":"2021-01-28T09:32:05","date_gmt":"2021-01-28T09:32:05","guid":{"rendered":"https:\/\/campus.hesge.ch\/headbiblio\/?page_id=2750"},"modified":"2025-04-24T13:36:35","modified_gmt":"2025-04-24T13:36:35","slug":"verifier-les-emprunts-et-prolonger","status":"publish","type":"page","link":"https:\/\/campus.hesge.ch\/headbiblio\/verifier-les-emprunts-et-prolonger\/","title":{"rendered":"Voir les emprunts et prolonger"},"content":{"rendered":"\n<p>Vous pouvez v\u00e9rifier vos demandes et vos emprunts sur la plateforme <a href=\"https:\/\/hesso.swisscovery.slsp.ch\/discovery\/search?vid=41SLSP_HES:VU1\">Swisscovery<\/a>.<br>Pour cela vous devez <strong>vous identifier<\/strong>, puis <strong>cliquer sur votre nom en haut \u00e0 droite<\/strong> de l&rsquo;\u00e9cran.<br>Un menu s&rsquo;affiche :<br>Si vous cliquez sur \u00ab\u00a0<strong>mon compte<\/strong>\u00a0\u00bb vous acc\u00e9dez \u00e0 un ensemble d&rsquo;onglets : <strong>demandes, pr\u00eats, etc.<\/strong><\/p>\n\n\n\n<p>Vous ne voyez pas d&#8217;embl\u00e9e l&rsquo;ensemble de vos pr\u00eats : les ouvrages apparaissent sous le nom de l&rsquo;institution \u00e0 laquelle appartiennent les documents. Un logo indique les institutions pour lesquelles il y a une \u00ab\u00a0activit\u00e9\u00a0\u00bb (une demande, un pr\u00eat)<\/p>\n\n\n\n<p>Vous voyez ainsi la date de retour pr\u00e9vue.<strong> Les ouvrages se renouvellent automatiquement, il n&rsquo;est pas recommand\u00e9 de renouveler manuellement.<\/strong><\/p>\n\n\n\n<figure class=\"wp-block-image size-large is-resized\"><img data-recalc-dims=\"1\" loading=\"lazy\" decoding=\"async\" width=\"1024\" height=\"438\" src=\"https:\/\/i0.wp.com\/campus.hesge.ch\/headbiblio\/wp-content\/uploads\/2021\/01\/image-1.png?resize=1024%2C438&#038;ssl=1\" alt=\"Capture d'\u00e9cran de l'onglet &quot;pr\u00eats&quot; dans le compte Swisscovery\" class=\"wp-image-2752\" style=\"width:832px;height:356px\" srcset=\"https:\/\/i0.wp.com\/campus.hesge.ch\/headbiblio\/wp-content\/uploads\/2021\/01\/image-1.png?resize=1024%2C438&amp;ssl=1 1024w, https:\/\/i0.wp.com\/campus.hesge.ch\/headbiblio\/wp-content\/uploads\/2021\/01\/image-1.png?resize=300%2C128&amp;ssl=1 300w, https:\/\/i0.wp.com\/campus.hesge.ch\/headbiblio\/wp-content\/uploads\/2021\/01\/image-1.png?resize=768%2C329&amp;ssl=1 768w, https:\/\/i0.wp.com\/campus.hesge.ch\/headbiblio\/wp-content\/uploads\/2021\/01\/image-1.png?w=1114&amp;ssl=1 1114w\" sizes=\"auto, (max-width: 1024px) 100vw, 1024px\" \/><\/figure>\n\n\n\n<figure class=\"wp-block-embed is-type-video is-provider-youtube wp-block-embed-youtube wp-embed-aspect-16-9 wp-has-aspect-ratio\"><div class=\"wp-block-embed__wrapper\">\n<div class=\"nv-iframe-embed\"><iframe loading=\"lazy\" title=\"1 - Consulter votre compte dans swisscovery|HES-SO\" width=\"1200\" height=\"675\" src=\"https:\/\/www.youtube.com\/embed\/0j4U_MVFezQ?feature=oembed\" frameborder=\"0\" allow=\"accelerometer; autoplay; clipboard-write; encrypted-media; gyroscope; picture-in-picture; web-share\" referrerpolicy=\"strict-origin-when-cross-origin\" allowfullscreen><\/iframe><\/div>\n<\/div><figcaption class=\"wp-element-caption\">Vid\u00e9o explicative : Consulter votre compte dans Swisscovery | <\/figcaption><\/figure>\n","protected":false},"excerpt":{"rendered":"<p>Vous pouvez v\u00e9rifier vos demandes et vos emprunts sur la plateforme Swisscovery.Pour cela vous devez vous identifier, puis cliquer sur votre nom en haut \u00e0 droite de l&rsquo;\u00e9cran.Un menu s&rsquo;affiche :Si vous cliquez sur \u00ab\u00a0mon compte\u00a0\u00bb vous acc\u00e9dez \u00e0 un ensemble d&rsquo;onglets : demandes, pr\u00eats, etc. Vous ne voyez pas d&#8217;embl\u00e9e l&rsquo;ensemble de vos pr\u00eats&hellip;&nbsp;<a href=\"https:\/\/campus.hesge.ch\/headbiblio\/verifier-les-emprunts-et-prolonger\/\" rel=\"bookmark\">Lire la suite &raquo;<span class=\"screen-reader-text\">Voir les emprunts et prolonger<\/span><\/a><\/p>\n","protected":false},"author":1,"featured_media":0,"parent":0,"menu_order":5,"comment_status":"closed","ping_status":"closed","template":"","meta":{"neve_meta_sidebar":"full-width","neve_meta_container":"","neve_meta_enable_content_width":"on","neve_meta_content_width":100,"neve_meta_title_alignment":"","neve_meta_author_avatar":"","neve_post_elements_order":"","neve_meta_disable_header":"","neve_meta_disable_footer":"","neve_meta_disable_title":"","footnotes":""},"class_list":["post-2750","page","type-page","status-publish","hentry"],"jetpack_sharing_enabled":true,"_links":{"self":[{"href":"https:\/\/campus.hesge.ch\/headbiblio\/wp-json\/wp\/v2\/pages\/2750","targetHints":{"allow":["GET"]}}],"collection":[{"href":"https:\/\/campus.hesge.ch\/headbiblio\/wp-json\/wp\/v2\/pages"}],"about":[{"href":"https:\/\/campus.hesge.ch\/headbiblio\/wp-json\/wp\/v2\/types\/page"}],"author":[{"embeddable":true,"href":"https:\/\/campus.hesge.ch\/headbiblio\/wp-json\/wp\/v2\/users\/1"}],"replies":[{"embeddable":true,"href":"https:\/\/campus.hesge.ch\/headbiblio\/wp-json\/wp\/v2\/comments?post=2750"}],"version-history":[{"count":9,"href":"https:\/\/campus.hesge.ch\/headbiblio\/wp-json\/wp\/v2\/pages\/2750\/revisions"}],"predecessor-version":[{"id":3755,"href":"https:\/\/campus.hesge.ch\/headbiblio\/wp-json\/wp\/v2\/pages\/2750\/revisions\/3755"}],"wp:attachment":[{"href":"https:\/\/campus.hesge.ch\/headbiblio\/wp-json\/wp\/v2\/media?parent=2750"}],"curies":[{"name":"wp","href":"https:\/\/api.w.org\/{rel}","templated":true}]}}