{"id":3121,"date":"2021-12-14T12:19:16","date_gmt":"2021-12-14T12:19:16","guid":{"rendered":"https:\/\/campus.hesge.ch\/headbiblio\/?page_id=3121"},"modified":"2022-09-19T13:22:02","modified_gmt":"2022-09-19T13:22:02","slug":"connexion-a-proquest","status":"publish","type":"page","link":"https:\/\/campus.hesge.ch\/headbiblio\/connexion-a-proquest\/","title":{"rendered":"Connexion \u00e0 Proquest"},"content":{"rendered":"\n<p>Lorsque vous faites des recherches sur un ordinateur de l&rsquo;\u00e9cole ou avec le <a href=\"https:\/\/campus.hesge.ch\/headbiblio\/vpn\/\" data-type=\"page\" data-id=\"1770\">VPN<\/a>, les <a href=\"https:\/\/campus.hesge.ch\/headbiblio\/new-ressources-en-ligne\/\" data-type=\"page\" data-id=\"1682\">bases de donn\u00e9es<\/a> doivent normalement reconna\u00eetre votre adresse IP et vous donner acc\u00e8s automatiquement.<br>Proquest n\u00e9cessite une \u00e9tape suppl\u00e9mentaire : Vous devez choisir l&rsquo;option \u00ab\u00a0<strong>ID de connexion local de votre institution<\/strong>\u00ab\u00a0.<\/p>\n\n\n\n<figure class=\"wp-block-image size-full\"><img data-recalc-dims=\"1\" loading=\"lazy\" decoding=\"async\" width=\"636\" height=\"793\" src=\"https:\/\/i0.wp.com\/campus.hesge.ch\/headbiblio\/wp-content\/uploads\/2021\/12\/image-4.png?resize=636%2C793&#038;ssl=1\" alt=\"Ca\u00e8pture d'\u00e9cran ProQuest : &quot;Trouvez votre bibilioth\u00e8que&quot; : Autres options d'acc\u00e8s : &quot;Utilisez l'ID de connexion local de votre institution&quot;.\" class=\"wp-image-3122\" srcset=\"https:\/\/i0.wp.com\/campus.hesge.ch\/headbiblio\/wp-content\/uploads\/2021\/12\/image-4.png?w=636&amp;ssl=1 636w, https:\/\/i0.wp.com\/campus.hesge.ch\/headbiblio\/wp-content\/uploads\/2021\/12\/image-4.png?resize=241%2C300&amp;ssl=1 241w\" sizes=\"auto, (max-width: 636px) 100vw, 636px\" \/><\/figure>\n\n\n\n<p>Ensuite, choisissez HES-SO <\/p>\n\n\n\n<figure class=\"wp-block-image size-full\"><img data-recalc-dims=\"1\" loading=\"lazy\" decoding=\"async\" width=\"914\" height=\"531\" src=\"https:\/\/i0.wp.com\/campus.hesge.ch\/headbiblio\/wp-content\/uploads\/2021\/12\/image-5.png?resize=914%2C531&#038;ssl=1\" alt=\"Capture d'\u00e9cran : Institution HES-SO - Fachhochschule Westschweiz&quot;\" class=\"wp-image-3123\" srcset=\"https:\/\/i0.wp.com\/campus.hesge.ch\/headbiblio\/wp-content\/uploads\/2021\/12\/image-5.png?w=914&amp;ssl=1 914w, https:\/\/i0.wp.com\/campus.hesge.ch\/headbiblio\/wp-content\/uploads\/2021\/12\/image-5.png?resize=300%2C174&amp;ssl=1 300w, https:\/\/i0.wp.com\/campus.hesge.ch\/headbiblio\/wp-content\/uploads\/2021\/12\/image-5.png?resize=768%2C446&amp;ssl=1 768w\" sizes=\"auto, (max-width: 914px) 100vw, 914px\" \/><\/figure>\n\n\n\n<p>Vous avez \u00e0 pr\u00e9sent acc\u00e8s au ressources !<\/p>\n","protected":false},"excerpt":{"rendered":"<p>Lorsque vous faites des recherches sur un ordinateur de l&rsquo;\u00e9cole ou avec le VPN, les bases de donn\u00e9es doivent normalement reconna\u00eetre votre adresse IP et vous donner acc\u00e8s automatiquement.Proquest n\u00e9cessite une \u00e9tape suppl\u00e9mentaire : Vous devez choisir l&rsquo;option \u00ab\u00a0ID de connexion local de votre institution\u00ab\u00a0. Ensuite, choisissez HES-SO Vous avez \u00e0 pr\u00e9sent acc\u00e8s au ressources&hellip;&nbsp;<a href=\"https:\/\/campus.hesge.ch\/headbiblio\/connexion-a-proquest\/\" rel=\"bookmark\">Lire la suite &raquo;<span class=\"screen-reader-text\">Connexion \u00e0 Proquest<\/span><\/a><\/p>\n","protected":false},"author":1,"featured_media":0,"parent":0,"menu_order":16,"comment_status":"closed","ping_status":"closed","template":"","meta":{"neve_meta_sidebar":"full-width","neve_meta_container":"","neve_meta_enable_content_width":"on","neve_meta_content_width":100,"neve_meta_title_alignment":"","neve_meta_author_avatar":"","neve_post_elements_order":"","neve_meta_disable_header":"","neve_meta_disable_footer":"","neve_meta_disable_title":"","footnotes":""},"class_list":["post-3121","page","type-page","status-publish","hentry"],"jetpack_sharing_enabled":true,"_links":{"self":[{"href":"https:\/\/campus.hesge.ch\/headbiblio\/wp-json\/wp\/v2\/pages\/3121","targetHints":{"allow":["GET"]}}],"collection":[{"href":"https:\/\/campus.hesge.ch\/headbiblio\/wp-json\/wp\/v2\/pages"}],"about":[{"href":"https:\/\/campus.hesge.ch\/headbiblio\/wp-json\/wp\/v2\/types\/page"}],"author":[{"embeddable":true,"href":"https:\/\/campus.hesge.ch\/headbiblio\/wp-json\/wp\/v2\/users\/1"}],"replies":[{"embeddable":true,"href":"https:\/\/campus.hesge.ch\/headbiblio\/wp-json\/wp\/v2\/comments?post=3121"}],"version-history":[{"count":2,"href":"https:\/\/campus.hesge.ch\/headbiblio\/wp-json\/wp\/v2\/pages\/3121\/revisions"}],"predecessor-version":[{"id":3224,"href":"https:\/\/campus.hesge.ch\/headbiblio\/wp-json\/wp\/v2\/pages\/3121\/revisions\/3224"}],"wp:attachment":[{"href":"https:\/\/campus.hesge.ch\/headbiblio\/wp-json\/wp\/v2\/media?parent=3121"}],"curies":[{"name":"wp","href":"https:\/\/api.w.org\/{rel}","templated":true}]}}