{"id":3228,"date":"2022-10-25T12:42:54","date_gmt":"2022-10-25T12:42:54","guid":{"rendered":"https:\/\/campus.hesge.ch\/headbiblio\/?page_id=3228"},"modified":"2025-12-19T08:13:17","modified_gmt":"2025-12-19T08:13:17","slug":"consulter-les-bachelor-et-master","status":"publish","type":"page","link":"https:\/\/campus.hesge.ch\/headbiblio\/consulter-les-bachelor-et-master\/","title":{"rendered":"Consulter les Bachelor et Master"},"content":{"rendered":"\n<p>Les Bachelor et Master des \u00e9tudiant-e-x-s de la HEAD de <strong>l&rsquo;ann\u00e9e en cours<\/strong> sont consultables <strong>sur place et sur demande <\/strong>aupr\u00e8s de la biblioth\u00e8que. <br>Les Bachelor sont conserv\u00e9s en version pdf, les Master en version papier uniquement.<\/p>\n\n\n\n<p>Depuis 2022, les meilleurs travaux sont archiv\u00e9s en ligne sur la plateforme <a rel=\"noreferrer noopener\" href=\"https:\/\/sonar.rero.ch\/global\/search\/documents?q=%22hesso:head%22&amp;page=1&amp;size=10&amp;sort=relevance\" target=\"_blank\">Sonar<\/a>, et apparaissent aussi sur l&rsquo;interface <a rel=\"noreferrer noopener\" href=\"https:\/\/hesso.swisscovery.slsp.ch\/discovery\/search?query=any,contains,head-geneve&amp;tab=41SLSP_HES_MyInst_and_CI&amp;search_scope=MyInst_and_CI&amp;vid=41SLSP_HES:VU1&amp;facet=rtype,include,dissertations&amp;offset=0\" target=\"_blank\">Swisscovery<\/a>. <\/p>\n\n\n\n<p>Pour toute demande concernant des Bachelor non disponibles sur Sonar et plus anciens, veuillez vous adresser au <strong><a href=\"https:\/\/www.hesge.ch\/head\/\">secr\u00e9tariat de la fili\u00e8re concern\u00e9e<\/a><\/strong> <a href=\"https:\/\/campus.hesge.ch\/headbiblio\/consulter-les-archives\/\" data-type=\"page\" data-id=\"3356\" target=\"_blank\" rel=\"noreferrer noopener\">(ou contacter notre archiviste.)<\/a><\/p>\n\n\n\n<figure class=\"wp-block-image size-large is-style-default\"><img data-recalc-dims=\"1\" loading=\"lazy\" decoding=\"async\" width=\"1024\" height=\"727\" src=\"https:\/\/i0.wp.com\/campus.hesge.ch\/headbiblio\/wp-content\/uploads\/2022\/10\/image.png?resize=1024%2C727&#038;ssl=1\" alt=\"\" class=\"wp-image-3231\" srcset=\"https:\/\/i0.wp.com\/campus.hesge.ch\/headbiblio\/wp-content\/uploads\/2022\/10\/image.png?resize=1024%2C727&amp;ssl=1 1024w, https:\/\/i0.wp.com\/campus.hesge.ch\/headbiblio\/wp-content\/uploads\/2022\/10\/image.png?resize=300%2C213&amp;ssl=1 300w, https:\/\/i0.wp.com\/campus.hesge.ch\/headbiblio\/wp-content\/uploads\/2022\/10\/image.png?resize=768%2C545&amp;ssl=1 768w, https:\/\/i0.wp.com\/campus.hesge.ch\/headbiblio\/wp-content\/uploads\/2022\/10\/image.png?w=1163&amp;ssl=1 1163w\" sizes=\"auto, (max-width: 1024px) 100vw, 1024px\" \/><\/figure>\n","protected":false},"excerpt":{"rendered":"<p>Les Bachelor et Master des \u00e9tudiant-e-x-s de la HEAD de l&rsquo;ann\u00e9e en cours sont consultables sur place et sur demande aupr\u00e8s de la biblioth\u00e8que. Les Bachelor sont conserv\u00e9s en version pdf, les Master en version papier uniquement. Depuis 2022, les meilleurs travaux sont archiv\u00e9s en ligne sur la plateforme Sonar, et apparaissent aussi sur l&rsquo;interface&hellip;&nbsp;<a href=\"https:\/\/campus.hesge.ch\/headbiblio\/consulter-les-bachelor-et-master\/\" rel=\"bookmark\">Lire la suite &raquo;<span class=\"screen-reader-text\">Consulter les Bachelor et Master<\/span><\/a><\/p>\n","protected":false},"author":1,"featured_media":0,"parent":0,"menu_order":9,"comment_status":"closed","ping_status":"closed","template":"","meta":{"neve_meta_sidebar":"full-width","neve_meta_container":"","neve_meta_enable_content_width":"on","neve_meta_content_width":100,"neve_meta_title_alignment":"","neve_meta_author_avatar":"","neve_post_elements_order":"","neve_meta_disable_header":"","neve_meta_disable_footer":"","neve_meta_disable_title":"","footnotes":""},"class_list":["post-3228","page","type-page","status-publish","hentry"],"jetpack_sharing_enabled":true,"_links":{"self":[{"href":"https:\/\/campus.hesge.ch\/headbiblio\/wp-json\/wp\/v2\/pages\/3228","targetHints":{"allow":["GET"]}}],"collection":[{"href":"https:\/\/campus.hesge.ch\/headbiblio\/wp-json\/wp\/v2\/pages"}],"about":[{"href":"https:\/\/campus.hesge.ch\/headbiblio\/wp-json\/wp\/v2\/types\/page"}],"author":[{"embeddable":true,"href":"https:\/\/campus.hesge.ch\/headbiblio\/wp-json\/wp\/v2\/users\/1"}],"replies":[{"embeddable":true,"href":"https:\/\/campus.hesge.ch\/headbiblio\/wp-json\/wp\/v2\/comments?post=3228"}],"version-history":[{"count":5,"href":"https:\/\/campus.hesge.ch\/headbiblio\/wp-json\/wp\/v2\/pages\/3228\/revisions"}],"predecessor-version":[{"id":3872,"href":"https:\/\/campus.hesge.ch\/headbiblio\/wp-json\/wp\/v2\/pages\/3228\/revisions\/3872"}],"wp:attachment":[{"href":"https:\/\/campus.hesge.ch\/headbiblio\/wp-json\/wp\/v2\/media?parent=3228"}],"curies":[{"name":"wp","href":"https:\/\/api.w.org\/{rel}","templated":true}]}}