{"id":3242,"date":"2022-11-29T08:56:59","date_gmt":"2022-11-29T08:56:59","guid":{"rendered":"https:\/\/campus.hesge.ch\/headbiblio\/?page_id=3242"},"modified":"2025-04-24T13:36:15","modified_gmt":"2025-04-24T13:36:15","slug":"seminaires-et-reserves-de-cours","status":"publish","type":"page","link":"https:\/\/campus.hesge.ch\/headbiblio\/seminaires-et-reserves-de-cours\/","title":{"rendered":"S\u00e9minaires et r\u00e9serves de cours"},"content":{"rendered":"\n<h4 class=\"wp-block-heading\">Rechercher un s\u00e9minaire <\/h4>\n\n\n\n<p>Vous pouvez retrouver les listes d&rsquo;ouvrages correspondants \u00e0 un cours ou des listes de lectures d&rsquo;enseignant-e-x-s sur <a href=\"https:\/\/hesso.swisscovery.slsp.ch\/discovery\/search?query=any,contains,head&amp;tab=CourseReserves&amp;search_scope=CourseReserves&amp;vid=41SLSP_HES:VU1&amp;offset=0\">Swisscovery <\/a>dans l&rsquo;onglet \u00ab\u00a0recherche\u00a0\u00bb : \u00ab\u00a0S\u00e9minaires\u00a0\u00bb<\/p>\n\n\n\n<figure class=\"wp-block-image size-full is-style-default\"><img data-recalc-dims=\"1\" loading=\"lazy\" decoding=\"async\" width=\"938\" height=\"103\" src=\"https:\/\/i0.wp.com\/campus.hesge.ch\/headbiblio\/wp-content\/uploads\/2022\/11\/image-1.png?resize=938%2C103&#038;ssl=1\" alt=\"\" class=\"wp-image-3245\" srcset=\"https:\/\/i0.wp.com\/campus.hesge.ch\/headbiblio\/wp-content\/uploads\/2022\/11\/image-1.png?w=938&amp;ssl=1 938w, https:\/\/i0.wp.com\/campus.hesge.ch\/headbiblio\/wp-content\/uploads\/2022\/11\/image-1.png?resize=300%2C33&amp;ssl=1 300w, https:\/\/i0.wp.com\/campus.hesge.ch\/headbiblio\/wp-content\/uploads\/2022\/11\/image-1.png?resize=768%2C84&amp;ssl=1 768w, https:\/\/i0.wp.com\/campus.hesge.ch\/headbiblio\/wp-content\/uploads\/2022\/11\/image-1.png?resize=930%2C103&amp;ssl=1 930w\" sizes=\"auto, (max-width: 938px) 100vw, 938px\" \/><\/figure>\n\n\n\n<p>En tapant \u00ab\u00a0HEAD\u00a0\u00bb vous retrouvez dans l&rsquo;onglet de gauche les noms des enseignant-e-x-s ayant des listes et les noms des cours concern\u00e9s.<br>Les documents localis\u00e9s en \u00ab\u00a0s\u00e9minaire\u00a0\u00bb sont rang\u00e9s dans l&rsquo;\u00e9tag\u00e8re face au pr\u00eat et identifi\u00e9s par des \u00e9tiquettes.<\/p>\n\n\n\n<figure class=\"wp-block-image size-large is-style-default\"><img data-recalc-dims=\"1\" loading=\"lazy\" decoding=\"async\" width=\"1024\" height=\"438\" src=\"https:\/\/i0.wp.com\/campus.hesge.ch\/headbiblio\/wp-content\/uploads\/2022\/11\/image-2.png?resize=1024%2C438&#038;ssl=1\" alt=\"\" class=\"wp-image-3246\" srcset=\"https:\/\/i0.wp.com\/campus.hesge.ch\/headbiblio\/wp-content\/uploads\/2022\/11\/image-2.png?resize=1024%2C438&amp;ssl=1 1024w, https:\/\/i0.wp.com\/campus.hesge.ch\/headbiblio\/wp-content\/uploads\/2022\/11\/image-2.png?resize=300%2C128&amp;ssl=1 300w, https:\/\/i0.wp.com\/campus.hesge.ch\/headbiblio\/wp-content\/uploads\/2022\/11\/image-2.png?resize=768%2C328&amp;ssl=1 768w, https:\/\/i0.wp.com\/campus.hesge.ch\/headbiblio\/wp-content\/uploads\/2022\/11\/image-2.png?w=1380&amp;ssl=1 1380w\" sizes=\"auto, (max-width: 1024px) 100vw, 1024px\" \/><\/figure>\n\n\n\n<h4 class=\"wp-block-heading\">Demander \u00e0 cr\u00e9er un s\u00e9minaire de cours <\/h4>\n\n\n\n<p>Les enseignant-e-x-s HEAD peuvent <strong>s&rsquo;adresser aux biblioth\u00e9caires<\/strong> pour cr\u00e9er une r\u00e9serve de cours ou une s\u00e9lection d&rsquo;ouvrages en rapport avec leur enseignement.<br>Vous pouvez aussi vous adresser \u00e0 nous pour cr\u00e9er des listes de lectures ou des bibliographies sur Swisscovery, sans obligatoirement regrouper les ouvrages dans un emplacement sp\u00e9cifique. <\/p>\n\n\n\n<p>Nous contacter : biblio.head@hesge.ch. <\/p>\n","protected":false},"excerpt":{"rendered":"<p>Rechercher un s\u00e9minaire Vous pouvez retrouver les listes d&rsquo;ouvrages correspondants \u00e0 un cours ou des listes de lectures d&rsquo;enseignant-e-x-s sur Swisscovery dans l&rsquo;onglet \u00ab\u00a0recherche\u00a0\u00bb : \u00ab\u00a0S\u00e9minaires\u00a0\u00bb En tapant \u00ab\u00a0HEAD\u00a0\u00bb vous retrouvez dans l&rsquo;onglet de gauche les noms des enseignant-e-x-s ayant des listes et les noms des cours concern\u00e9s.Les documents localis\u00e9s en \u00ab\u00a0s\u00e9minaire\u00a0\u00bb sont rang\u00e9s dans&hellip;&nbsp;<a href=\"https:\/\/campus.hesge.ch\/headbiblio\/seminaires-et-reserves-de-cours\/\" rel=\"bookmark\">Lire la suite &raquo;<span class=\"screen-reader-text\">S\u00e9minaires et r\u00e9serves de cours<\/span><\/a><\/p>\n","protected":false},"author":1,"featured_media":0,"parent":0,"menu_order":5,"comment_status":"closed","ping_status":"closed","template":"","meta":{"neve_meta_sidebar":"full-width","neve_meta_container":"","neve_meta_enable_content_width":"on","neve_meta_content_width":100,"neve_meta_title_alignment":"","neve_meta_author_avatar":"","neve_post_elements_order":"","neve_meta_disable_header":"","neve_meta_disable_footer":"","neve_meta_disable_title":"","footnotes":""},"class_list":["post-3242","page","type-page","status-publish","hentry"],"jetpack_sharing_enabled":true,"_links":{"self":[{"href":"https:\/\/campus.hesge.ch\/headbiblio\/wp-json\/wp\/v2\/pages\/3242","targetHints":{"allow":["GET"]}}],"collection":[{"href":"https:\/\/campus.hesge.ch\/headbiblio\/wp-json\/wp\/v2\/pages"}],"about":[{"href":"https:\/\/campus.hesge.ch\/headbiblio\/wp-json\/wp\/v2\/types\/page"}],"author":[{"embeddable":true,"href":"https:\/\/campus.hesge.ch\/headbiblio\/wp-json\/wp\/v2\/users\/1"}],"replies":[{"embeddable":true,"href":"https:\/\/campus.hesge.ch\/headbiblio\/wp-json\/wp\/v2\/comments?post=3242"}],"version-history":[{"count":8,"href":"https:\/\/campus.hesge.ch\/headbiblio\/wp-json\/wp\/v2\/pages\/3242\/revisions"}],"predecessor-version":[{"id":3752,"href":"https:\/\/campus.hesge.ch\/headbiblio\/wp-json\/wp\/v2\/pages\/3242\/revisions\/3752"}],"wp:attachment":[{"href":"https:\/\/campus.hesge.ch\/headbiblio\/wp-json\/wp\/v2\/media?parent=3242"}],"curies":[{"name":"wp","href":"https:\/\/api.w.org\/{rel}","templated":true}]}}