{"id":3447,"date":"2024-02-26T15:43:26","date_gmt":"2024-02-26T15:43:26","guid":{"rendered":"https:\/\/campus.hesge.ch\/headbiblio\/?page_id=3447"},"modified":"2025-09-30T07:58:26","modified_gmt":"2025-09-30T07:58:26","slug":"presse-en-ligne-swissdox","status":"publish","type":"page","link":"https:\/\/campus.hesge.ch\/headbiblio\/presse-en-ligne-swissdox\/","title":{"rendered":"Presse en ligne : Swissdox &amp; Le Monde"},"content":{"rendered":"\n<p>La HES-SO met \u00e0 disposition la plateforme <a href=\"https:\/\/essentials.swissdox.ch\/fr\/home\" target=\"_blank\" rel=\"noreferrer noopener\">Swissdox<\/a>, qui regroupe plus de 500 sources d&rsquo;actualit\u00e9s en ligne.<br>Presse, magazines, radio, actualit\u00e9s et archives r\u00e9gionales, nationales et internationales.<\/p>\n\n\n\n<p>Les membres HES-SO ont \u00e9galement acc\u00e8s au<a href=\"http:\/\/www.lemonde.fr\/autologin\" target=\"_blank\" rel=\"noreferrer noopener\"> journal Le Monde<\/a>, par <strong>reconnaissance de l&rsquo;adresse IP<\/strong>. <br>Attention \u00e0 bien utiliser le lien avec le \/autologin.<\/p>\n\n\n\n<p>Vous pouvez y acc\u00e9der depuis les postes de l&rsquo;\u00e9cole mais aussi depuis vos appareils personnels gr\u00e2ce au <a href=\"https:\/\/campus.hesge.ch\/headbiblio\/vpn\/\" data-type=\"page\" data-id=\"1770\">VPN<\/a>. <\/p>\n\n\n\n<p>Bonne lecture !<\/p>\n\n\n\n<p><a href=\"https:\/\/essentials.swissdox.ch\/fr\/home\" target=\"_blank\" rel=\"noreferrer noopener\">Swissdox <\/a><\/p>\n\n\n\n<figure class=\"wp-block-image size-large is-style-default\"><img data-recalc-dims=\"1\" loading=\"lazy\" decoding=\"async\" width=\"1024\" height=\"585\" src=\"https:\/\/i0.wp.com\/campus.hesge.ch\/headbiblio\/wp-content\/uploads\/2024\/02\/image.png?resize=1024%2C585&#038;ssl=1\" alt=\"\" class=\"wp-image-3448\" srcset=\"https:\/\/i0.wp.com\/campus.hesge.ch\/headbiblio\/wp-content\/uploads\/2024\/02\/image.png?resize=1024%2C585&amp;ssl=1 1024w, https:\/\/i0.wp.com\/campus.hesge.ch\/headbiblio\/wp-content\/uploads\/2024\/02\/image.png?resize=300%2C171&amp;ssl=1 300w, https:\/\/i0.wp.com\/campus.hesge.ch\/headbiblio\/wp-content\/uploads\/2024\/02\/image.png?resize=768%2C439&amp;ssl=1 768w, https:\/\/i0.wp.com\/campus.hesge.ch\/headbiblio\/wp-content\/uploads\/2024\/02\/image.png?w=1411&amp;ssl=1 1411w\" sizes=\"auto, (max-width: 1024px) 100vw, 1024px\" \/><\/figure>\n","protected":false},"excerpt":{"rendered":"<p>La HES-SO met \u00e0 disposition la plateforme Swissdox, qui regroupe plus de 500 sources d&rsquo;actualit\u00e9s en ligne.Presse, magazines, radio, actualit\u00e9s et archives r\u00e9gionales, nationales et internationales. Les membres HES-SO ont \u00e9galement acc\u00e8s au journal Le Monde, par reconnaissance de l&rsquo;adresse IP. Attention \u00e0 bien utiliser le lien avec le \/autologin. Vous pouvez y acc\u00e9der depuis&hellip;&nbsp;<a href=\"https:\/\/campus.hesge.ch\/headbiblio\/presse-en-ligne-swissdox\/\" rel=\"bookmark\">Lire la suite &raquo;<span class=\"screen-reader-text\">Presse en ligne : Swissdox &amp; Le Monde<\/span><\/a><\/p>\n","protected":false},"author":1,"featured_media":0,"parent":0,"menu_order":0,"comment_status":"closed","ping_status":"closed","template":"","meta":{"neve_meta_sidebar":"","neve_meta_container":"","neve_meta_enable_content_width":"","neve_meta_content_width":0,"neve_meta_title_alignment":"","neve_meta_author_avatar":"","neve_post_elements_order":"","neve_meta_disable_header":"","neve_meta_disable_footer":"","neve_meta_disable_title":"","footnotes":""},"class_list":["post-3447","page","type-page","status-publish","hentry"],"jetpack_sharing_enabled":true,"_links":{"self":[{"href":"https:\/\/campus.hesge.ch\/headbiblio\/wp-json\/wp\/v2\/pages\/3447","targetHints":{"allow":["GET"]}}],"collection":[{"href":"https:\/\/campus.hesge.ch\/headbiblio\/wp-json\/wp\/v2\/pages"}],"about":[{"href":"https:\/\/campus.hesge.ch\/headbiblio\/wp-json\/wp\/v2\/types\/page"}],"author":[{"embeddable":true,"href":"https:\/\/campus.hesge.ch\/headbiblio\/wp-json\/wp\/v2\/users\/1"}],"replies":[{"embeddable":true,"href":"https:\/\/campus.hesge.ch\/headbiblio\/wp-json\/wp\/v2\/comments?post=3447"}],"version-history":[{"count":4,"href":"https:\/\/campus.hesge.ch\/headbiblio\/wp-json\/wp\/v2\/pages\/3447\/revisions"}],"predecessor-version":[{"id":3837,"href":"https:\/\/campus.hesge.ch\/headbiblio\/wp-json\/wp\/v2\/pages\/3447\/revisions\/3837"}],"wp:attachment":[{"href":"https:\/\/campus.hesge.ch\/headbiblio\/wp-json\/wp\/v2\/media?parent=3447"}],"curies":[{"name":"wp","href":"https:\/\/api.w.org\/{rel}","templated":true}]}}