{"id":3708,"date":"2025-04-08T07:21:21","date_gmt":"2025-04-08T07:21:21","guid":{"rendered":"https:\/\/campus.hesge.ch\/headbiblio\/?page_id=3708"},"modified":"2025-04-08T07:22:00","modified_gmt":"2025-04-08T07:22:00","slug":"portail-des-nouvelles-acquisitions","status":"publish","type":"page","link":"https:\/\/campus.hesge.ch\/headbiblio\/portail-des-nouvelles-acquisitions\/","title":{"rendered":"Portail des nouvelles acquisitions"},"content":{"rendered":"\n<p>D\u00e9couvrez toutes les nouveaut\u00e9s disponibles \u00e0 la biblioth\u00e8que via : <a href=\"https:\/\/slsp-hesso.alma.exlibrisgroup.com\/discovery\/collectionDiscovery?vid=41SLSP_HES:VU1&amp;collectionId=81159503570005514\">Collections HEAD &#8211; Nouvelles acquisitions<\/a><br>Toutes les acquisitions r\u00e9centes, par domaine, les plus r\u00e9centes en premier.<\/p>\n\n\n\n<figure class=\"wp-block-image size-large\"><a href=\"https:\/\/slsp-hesso.alma.exlibrisgroup.com\/discovery\/collectionDiscovery?vid=41SLSP_HES:VU1&amp;collectionId=81159503570005514\"><img data-recalc-dims=\"1\" loading=\"lazy\" decoding=\"async\" width=\"1024\" height=\"1024\" src=\"https:\/\/i0.wp.com\/campus.hesge.ch\/headbiblio\/wp-content\/uploads\/2025\/04\/Nouvelles_acqu_illu_2025.jpg?resize=1024%2C1024&#038;ssl=1\" alt=\"\" class=\"wp-image-3713\" srcset=\"https:\/\/i0.wp.com\/campus.hesge.ch\/headbiblio\/wp-content\/uploads\/2025\/04\/Nouvelles_acqu_illu_2025.jpg?resize=1024%2C1024&amp;ssl=1 1024w, https:\/\/i0.wp.com\/campus.hesge.ch\/headbiblio\/wp-content\/uploads\/2025\/04\/Nouvelles_acqu_illu_2025.jpg?resize=300%2C300&amp;ssl=1 300w, https:\/\/i0.wp.com\/campus.hesge.ch\/headbiblio\/wp-content\/uploads\/2025\/04\/Nouvelles_acqu_illu_2025.jpg?resize=150%2C150&amp;ssl=1 150w, https:\/\/i0.wp.com\/campus.hesge.ch\/headbiblio\/wp-content\/uploads\/2025\/04\/Nouvelles_acqu_illu_2025.jpg?resize=768%2C768&amp;ssl=1 768w, https:\/\/i0.wp.com\/campus.hesge.ch\/headbiblio\/wp-content\/uploads\/2025\/04\/Nouvelles_acqu_illu_2025.jpg?w=1080&amp;ssl=1 1080w\" sizes=\"auto, (max-width: 1024px) 100vw, 1024px\" \/><\/a><\/figure>\n\n\n\n<p><\/p>\n","protected":false},"excerpt":{"rendered":"<p>D\u00e9couvrez toutes les nouveaut\u00e9s disponibles \u00e0 la biblioth\u00e8que via : Collections HEAD &#8211; Nouvelles acquisitionsToutes les acquisitions r\u00e9centes, par domaine, les plus r\u00e9centes en premier.<\/p>\n","protected":false},"author":19,"featured_media":0,"parent":0,"menu_order":0,"comment_status":"closed","ping_status":"closed","template":"","meta":{"neve_meta_sidebar":"","neve_meta_container":"","neve_meta_enable_content_width":"","neve_meta_content_width":0,"neve_meta_title_alignment":"","neve_meta_author_avatar":"","neve_post_elements_order":"","neve_meta_disable_header":"","neve_meta_disable_footer":"","neve_meta_disable_title":"","footnotes":""},"class_list":["post-3708","page","type-page","status-publish","hentry"],"jetpack_sharing_enabled":true,"_links":{"self":[{"href":"https:\/\/campus.hesge.ch\/headbiblio\/wp-json\/wp\/v2\/pages\/3708","targetHints":{"allow":["GET"]}}],"collection":[{"href":"https:\/\/campus.hesge.ch\/headbiblio\/wp-json\/wp\/v2\/pages"}],"about":[{"href":"https:\/\/campus.hesge.ch\/headbiblio\/wp-json\/wp\/v2\/types\/page"}],"author":[{"embeddable":true,"href":"https:\/\/campus.hesge.ch\/headbiblio\/wp-json\/wp\/v2\/users\/19"}],"replies":[{"embeddable":true,"href":"https:\/\/campus.hesge.ch\/headbiblio\/wp-json\/wp\/v2\/comments?post=3708"}],"version-history":[{"count":5,"href":"https:\/\/campus.hesge.ch\/headbiblio\/wp-json\/wp\/v2\/pages\/3708\/revisions"}],"predecessor-version":[{"id":3715,"href":"https:\/\/campus.hesge.ch\/headbiblio\/wp-json\/wp\/v2\/pages\/3708\/revisions\/3715"}],"wp:attachment":[{"href":"https:\/\/campus.hesge.ch\/headbiblio\/wp-json\/wp\/v2\/media?parent=3708"}],"curies":[{"name":"wp","href":"https:\/\/api.w.org\/{rel}","templated":true}]}}