{"id":3774,"date":"2025-06-24T08:13:48","date_gmt":"2025-06-24T08:13:48","guid":{"rendered":"https:\/\/campus.hesge.ch\/headbiblio\/?page_id=3774"},"modified":"2026-04-21T11:29:26","modified_gmt":"2026-04-21T11:29:26","slug":"les-ecoles-dart-de-geneve","status":"publish","type":"page","link":"https:\/\/campus.hesge.ch\/headbiblio\/les-ecoles-dart-de-geneve\/","title":{"rendered":"H E A D &#8211; A r c h i v e s"},"content":{"rendered":"\n<p>Les archives de l&rsquo;\u00e9cole sont consultables <strong>sur demande <\/strong>et <strong>sur rendez-vous, uniquement le vendredi matin.<\/strong><\/p>\n\n\n\n<p>5 avenue de Ch\u00e2telaine <br>+4122 558 65 82 <br>archives.head[at]hesge.ch<br>Consulter les fonds de la HEAD (ATOM) : <a href=\"https:\/\/archives.hesge.ch\/\">https:\/\/archives.hesge.ch\/<\/a><br><a href=\"https:\/\/campus.hesge.ch\/headbiblio\/wp-content\/uploads\/2025\/06\/20231006-Reglement_acces-aux-archives_HEAD_2023_adopte.pdf\" data-type=\"attachment\" data-id=\"3783\">R\u00e8glement de consultation <\/a><br><a href=\"https:\/\/campus.hesge.ch\/headbiblio\/wp-content\/uploads\/2026\/03\/Fiche-inscription-archives.pdf\" data-type=\"attachment\" data-id=\"3924\">Formulaire de demande de consultation<\/a><br><a href=\"https:\/\/campus.hesge.ch\/headbiblio\/category\/uncategorized\/retroviseur\/\">Articles sur les archives<\/a><br><\/p>\n\n\n\n<p><\/p>\n\n\n\n<h2 class=\"wp-block-heading has-text-align-left\">Les Ecoles d&rsquo;Arts de Gen\u00e8ve<\/h2>\n\n\n\n<h5 class=\"wp-block-heading\">De 1748 \u00e0 nos jours &#8211; autres fonds historiques<\/h5>\n\n\n\n<p><strong>CENTRE DE FORMATION PROFESSIONNELLE ARTS &#8211; GENEVE<\/strong><br>2 rue Necker<br>+4122 388 50 00<br><a href=\"https:\/\/cfparts.ch\/contact\/\">https:\/\/cfparts.ch\/contact\/<\/a><\/p>\n\n\n\n<p><strong>ETAT DE GENEVE<\/strong><br>52 rue de la Terrassi\u00e8re<br> +4122 327 93 20<br><a href=\"https:\/\/archives-etat-ge.ch\/page_de_base\/info-archives\/\">https:\/\/archives-etat-ge.ch\/page_de_base\/info-archives\/<\/a><br>Base de donn\u00e9es Adh\u00e9mar : <a href=\"https:\/\/archives-etat-ge.ch\/page_de_base\/base-de-donnees\/\">https:\/\/archives-etat-ge.ch\/page_de_base\/base-de-donnees\/<\/a><br><br><strong>Fonds du D\u00e9partement de l\u2019Instruction publique (DIP)<\/strong><br>Une dizaine de classeurs, situ\u00e9s au 52 rue de la Terrassi\u00e8re.<br>Versement effectu\u00e9 vers 1985, \u00e0 propos de toutes les \u00e9coles primaires et secondaires (Universit\u00e9, Ecole d\u2019art et m\u00e9tiers, etc.). Recherches \u00e0 faire manuellement.<\/p>\n\n\n\n<p><strong>VILLE DE GENEVE<\/strong><br>Archives de la Ville de Gen\u00e8ve<br>Palais Eynard &#8211; 4 rue de la Croix-Rouge <br>+4122 418 29 90<br><a href=\"https:\/\/archives.geneve.ch\/\">https:\/\/archives.geneve.ch\/<\/a><br><strong><br>Archives de la Biblioth\u00e8que de Gen\u00e8ve (BGE)<\/strong><br>8 Promenade des Bastions <br>+4122 418 28 00<br><a href=\"https:\/\/archives.bge-geneve.ch\/\">https:\/\/archives.bge-geneve.ch\/<\/a><br><strong>Centre d\u2019iconographie genevois (BGE)<\/strong><br>2 Passage de la Tour <br>+41 418 46 70<br>Base de donn\u00e9es : <a href=\"https:\/\/www.bge-geneve.ch\/iconographie\/\">https:\/\/www.bge-geneve.ch\/iconographie\/<\/a><\/p>\n\n\n\n<p><strong>SOCIETE DES ARTS DE GENEVE<\/strong><br>Palais de l\u2019Ath\u00e9n\u00e9e &#8211; 2 rue de l\u2019Ath\u00e9n\u00e9e <br>+4122 310 41 02<br><a href=\"https:\/\/archives.societedesarts.ch\/pages\/autresressources\/\">https:\/\/archives.societedesarts.ch\/pages\/autresressources\/<\/a><\/p>\n\n\n\n<p><strong>RECHERCHE MULTI-INSTITUTIONNELLE EN LIGNE<\/strong><br><a href=\"https:\/\/archives.bge-geneve.ch\/n\/recherche-multi-institutions\/n:98\">https:\/\/archives.bge-geneve.ch\/n\/recherche-multi-institutions\/n:98<\/a><\/p>\n\n\n\n<p><strong>INSTITUT FERDINAND HODLER \u2013 Archives Jura Br\u00fcschweiler<\/strong><br>2 rue de l\u2019Avenir, Del\u00e9mont <br>+4132 422 41 02<br><a href=\"https:\/\/www.institut-hodler.ch\/archivesjurabruschweiler\">https:\/\/www.institut-hodler.ch\/archivesjurabruschweiler<\/a><br>Fonds : Ferdinand Hodler ; Barth\u00e9l\u00e9my Menn ; Daniel Baud-Bovy ; et autres.<\/p>\n\n\n\n<p><\/p>\n","protected":false},"excerpt":{"rendered":"<p>Les archives de l&rsquo;\u00e9cole sont consultables sur demande et sur rendez-vous, uniquement le vendredi matin. 5 avenue de Ch\u00e2telaine +4122 558 65 82 archives.head[at]hesge.chConsulter les fonds de la HEAD (ATOM) : https:\/\/archives.hesge.ch\/R\u00e8glement de consultation Formulaire de demande de consultationArticles sur les archives Les Ecoles d&rsquo;Arts de Gen\u00e8ve De 1748 \u00e0 nos jours &#8211; autres fonds&hellip;&nbsp;<a href=\"https:\/\/campus.hesge.ch\/headbiblio\/les-ecoles-dart-de-geneve\/\" rel=\"bookmark\">Lire la suite &raquo;<span class=\"screen-reader-text\">H E A D &#8211; A r c h i v e s<\/span><\/a><\/p>\n","protected":false},"author":19,"featured_media":0,"parent":0,"menu_order":0,"comment_status":"closed","ping_status":"closed","template":"","meta":{"neve_meta_sidebar":"","neve_meta_container":"","neve_meta_enable_content_width":"","neve_meta_content_width":0,"neve_meta_title_alignment":"","neve_meta_author_avatar":"","neve_post_elements_order":"","neve_meta_disable_header":"","neve_meta_disable_footer":"","neve_meta_disable_title":"","footnotes":""},"class_list":["post-3774","page","type-page","status-publish","hentry"],"jetpack_sharing_enabled":true,"_links":{"self":[{"href":"https:\/\/campus.hesge.ch\/headbiblio\/wp-json\/wp\/v2\/pages\/3774","targetHints":{"allow":["GET"]}}],"collection":[{"href":"https:\/\/campus.hesge.ch\/headbiblio\/wp-json\/wp\/v2\/pages"}],"about":[{"href":"https:\/\/campus.hesge.ch\/headbiblio\/wp-json\/wp\/v2\/types\/page"}],"author":[{"embeddable":true,"href":"https:\/\/campus.hesge.ch\/headbiblio\/wp-json\/wp\/v2\/users\/19"}],"replies":[{"embeddable":true,"href":"https:\/\/campus.hesge.ch\/headbiblio\/wp-json\/wp\/v2\/comments?post=3774"}],"version-history":[{"count":10,"href":"https:\/\/campus.hesge.ch\/headbiblio\/wp-json\/wp\/v2\/pages\/3774\/revisions"}],"predecessor-version":[{"id":3949,"href":"https:\/\/campus.hesge.ch\/headbiblio\/wp-json\/wp\/v2\/pages\/3774\/revisions\/3949"}],"wp:attachment":[{"href":"https:\/\/campus.hesge.ch\/headbiblio\/wp-json\/wp\/v2\/media?parent=3774"}],"curies":[{"name":"wp","href":"https:\/\/api.w.org\/{rel}","templated":true}]}}