{"id":3815,"date":"2025-09-12T07:46:38","date_gmt":"2025-09-12T07:46:38","guid":{"rendered":"https:\/\/campus.hesge.ch\/headbiblio\/?page_id=3815"},"modified":"2025-09-16T07:33:26","modified_gmt":"2025-09-16T07:33:26","slug":"a-propos","status":"publish","type":"page","link":"https:\/\/campus.hesge.ch\/headbiblio\/a-propos\/","title":{"rendered":"A Propos"},"content":{"rendered":"\n<p>La Biblioth\u00e8que de la Haute \u00e9cole d&rsquo;art et de design &#8211; HEAD Gen\u00e8ve est situ\u00e9e au deuxi\u00e8me \u00e9tage du b\u00e2timent E, au c\u0153ur du <a href=\"https:\/\/www.hesge.ch\/head\/lecole\/nouveau-campus\">Campus<\/a>, 5 avenue de Ch\u00e2telaine. <\/p>\n\n\n\n<ul class=\"wp-block-list\">\n<li><strong>Services : <\/strong><br>Consultation et\u00a0de pr\u00eat\u00a0d&rsquo;ouvrages, de p\u00e9riodiques et de DVD sp\u00e9cialis\u00e9s dans les domaines des arts visuels, du cin\u00e9ma et des disciplines du design.<br>Consultation des m\u00e9moires <a href=\"https:\/\/campus.hesge.ch\/headbiblio\/consulter-les-bachelor-et-master\/\" data-type=\"page\" data-id=\"3228\" target=\"_blank\" rel=\"noreferrer noopener\">en ligne<\/a> ou sur place (sur demande). <br><a href=\"https:\/\/campus.hesge.ch\/headbiblio\/consulter-les-archives\/\" data-type=\"page\" data-id=\"3356\" target=\"_blank\" rel=\"noreferrer noopener\">Pour les archives de l&rsquo;\u00e9cole, veuillez vous adresser \u00e0 notre archiviste. <\/a><\/li>\n\n\n\n<li><strong>Espace &amp; mat\u00e9riel : <\/strong><br>80 places de travail, 6 postes informatiques, un salon de lecture et des postes de consultation vid\u00e9o, des scanners et une photocopieuse. \u00a0 <\/li>\n\n\n\n<li><strong>Collections <\/strong><br>Pr\u00e8s de 45&rsquo;000 livres, 4&rsquo;000 DVD et environ 180 revues d\u00e9di\u00e9es aux domaines de l&rsquo;\u00e9cole. <\/li>\n\n\n\n<li><strong>Publics <\/strong>: <br>D\u00e9di\u00e9e en priorit\u00e9 \u00e0 la communaut\u00e9 de la HEAD &#8211; Gen\u00e8ve et \u00e0 ses alumni-ae, elle est accessible au public externe.<\/li>\n\n\n\n<li><strong><a href=\"https:\/\/campus.hesge.ch\/headbiblio\/2020\/12\/horaires\/\" data-type=\"post\" data-id=\"2719\" target=\"_blank\" rel=\"noreferrer noopener\">Horaires <\/a><\/strong>: <br>Du lundi au vendredi, de 8h30 \u00e0 17h30 (sauf horaires sp\u00e9ciaux et vacances)<\/li>\n\n\n\n<li><strong>R\u00e9seau <\/strong>: <br>Gr\u00e2ce au r\u00e9seau <a href=\"https:\/\/hesso.swisscovery.slsp.ch\/discovery\/search?vid=41SLSP_HES:VU1\" target=\"_blank\" rel=\"noreferrer noopener\">Swiss Library Service Platform (SLSP)<\/a>, la biblioth\u00e8que donne acc\u00e8s \u00e0 de pr\u00e8s de 500\u00a0biblioth\u00e8ques scientifiques suisses. Le service de <a href=\"https:\/\/campus.hesge.ch\/headbiblio\/pret-entre-bibliotheques\/\" data-type=\"page\" data-id=\"2656\" target=\"_blank\" rel=\"noreferrer noopener\">pr\u00eat entre biblioth\u00e8ques<\/a> (PEB) qui permet de commander des documents dans les biblioth\u00e8ques membres. <\/li>\n<\/ul>\n\n\n\n<p>L&rsquo;\u00e9quipe des biblioth\u00e9caires met ses comp\u00e9tences et conseils au service des \u00e9tudiant-e-x-s, notamment pour les assister dans leurs recherches bibliographiques et iconographiques, et examine toutes les propositions d&rsquo;acquisition (cf&nbsp;<a>formulaire<\/a>).&nbsp;<\/p>\n\n\n\n<p><strong>Liens utiles <\/strong><br><a href=\"https:\/\/swisscovery.hes-so.ch\">Swisscovery \u00a6 HES-SO<\/a>\u00a0(catalogue en ligne)<br><a href=\"https:\/\/www.hes-so.ch\/la-hes-so\/bibliotheques\/ressources-electroniques\">Bases de donn\u00e9es sp\u00e9cialis\u00e9es\u00a0<\/a>Ressources \u00e9lectroniques HES-SO\u00a0(via le r\u00e9seau des HES ou avec le <a href=\"https:\/\/campus.hesge.ch\/headbiblio\/vpn\/\" data-type=\"page\" data-id=\"1770\" target=\"_blank\" rel=\"noreferrer noopener\">VPN<\/a>).<br><a href=\"https:\/\/campus.hesge.ch\/headbiblio\/formulaire-de-proposition-dachat\/\">Formulaire\u00a0pour proposer un achat<\/a><\/p>\n\n\n\n<p><strong>Contact<\/strong>&nbsp;<br>Email g\u00e9n\u00e9rique :&nbsp;<a href=\"mailto:biblio.head@hesge.ch\">biblio.head@hesge.ch<\/a><br>T\u00e9l\u00e9phone : +41 (0) 22 558 51 88<\/p>\n","protected":false},"excerpt":{"rendered":"<p>La Biblioth\u00e8que de la Haute \u00e9cole d&rsquo;art et de design &#8211; HEAD Gen\u00e8ve est situ\u00e9e au deuxi\u00e8me \u00e9tage du b\u00e2timent E, au c\u0153ur du Campus, 5 avenue de Ch\u00e2telaine. L&rsquo;\u00e9quipe des biblioth\u00e9caires met ses comp\u00e9tences et conseils au service des \u00e9tudiant-e-x-s, notamment pour les assister dans leurs recherches bibliographiques et iconographiques, et examine toutes les&hellip;&nbsp;<a href=\"https:\/\/campus.hesge.ch\/headbiblio\/a-propos\/\" rel=\"bookmark\">Lire la suite &raquo;<span class=\"screen-reader-text\">A Propos<\/span><\/a><\/p>\n","protected":false},"author":19,"featured_media":3808,"parent":0,"menu_order":0,"comment_status":"closed","ping_status":"closed","template":"","meta":{"neve_meta_sidebar":"","neve_meta_container":"","neve_meta_enable_content_width":"","neve_meta_content_width":0,"neve_meta_title_alignment":"","neve_meta_author_avatar":"","neve_post_elements_order":"","neve_meta_disable_header":"","neve_meta_disable_footer":"","neve_meta_disable_title":"","footnotes":""},"class_list":["post-3815","page","type-page","status-publish","has-post-thumbnail","hentry"],"jetpack_sharing_enabled":true,"_links":{"self":[{"href":"https:\/\/campus.hesge.ch\/headbiblio\/wp-json\/wp\/v2\/pages\/3815","targetHints":{"allow":["GET"]}}],"collection":[{"href":"https:\/\/campus.hesge.ch\/headbiblio\/wp-json\/wp\/v2\/pages"}],"about":[{"href":"https:\/\/campus.hesge.ch\/headbiblio\/wp-json\/wp\/v2\/types\/page"}],"author":[{"embeddable":true,"href":"https:\/\/campus.hesge.ch\/headbiblio\/wp-json\/wp\/v2\/users\/19"}],"replies":[{"embeddable":true,"href":"https:\/\/campus.hesge.ch\/headbiblio\/wp-json\/wp\/v2\/comments?post=3815"}],"version-history":[{"count":5,"href":"https:\/\/campus.hesge.ch\/headbiblio\/wp-json\/wp\/v2\/pages\/3815\/revisions"}],"predecessor-version":[{"id":3830,"href":"https:\/\/campus.hesge.ch\/headbiblio\/wp-json\/wp\/v2\/pages\/3815\/revisions\/3830"}],"wp:featuredmedia":[{"embeddable":true,"href":"https:\/\/campus.hesge.ch\/headbiblio\/wp-json\/wp\/v2\/media\/3808"}],"wp:attachment":[{"href":"https:\/\/campus.hesge.ch\/headbiblio\/wp-json\/wp\/v2\/media?parent=3815"}],"curies":[{"name":"wp","href":"https:\/\/api.w.org\/{rel}","templated":true}]}}