{"id":3847,"date":"2025-10-03T15:59:03","date_gmt":"2025-10-03T15:59:03","guid":{"rendered":"https:\/\/campus.hesge.ch\/headbiblio\/?page_id=3847"},"modified":"2025-10-07T10:26:17","modified_gmt":"2025-10-07T10:26:17","slug":"wiley-ai-agreement","status":"publish","type":"page","link":"https:\/\/campus.hesge.ch\/headbiblio\/wiley-ai-agreement\/","title":{"rendered":"Directives sur l&rsquo;utilisation d&rsquo;outils d&rsquo;intelligence artificielle impliquant les contenus de Wiley"},"content":{"rendered":"\n<p>Directives sur l&rsquo;utilisation d&rsquo;outils d&rsquo;intelligence artificielle impliquant les contenus de Wiley, <a href=\"https:\/\/unlimited.ethz.ch\/spaces\/WWE\/pages\/263828444\/Artificial+Intelligence+Use+of+Licensed+Full+Texts+in+Generative+AI+Tools\" target=\"_blank\" rel=\"noreferrer noopener\">bas\u00e9 sur les accords pass\u00e9es avec l&rsquo;ETH<\/a> :  <\/p>\n\n\n\n<blockquote class=\"wp-block-quote is-layout-flow wp-block-quote-is-layout-flow\">\n<p>La HES-SO a conclu des accords avec divers fournisseurs et \u00e9diteurs, sp\u00e9cifiant les conditions d&rsquo;utilisation des contenus sous licence dans un contexte acad\u00e9mique sp\u00e9cifique. La plupart des accords interdisent le partage de contenus sous licence (articles int\u00e9graux, livres num\u00e9riques, etc.) avec des plateformes tierces. Parmi ces plateformes figurent des fournisseurs d&rsquo;outils d&rsquo;IA g\u00e9n\u00e9rative comme ChatGPT et DeepL.<br><br>N&rsquo;h\u00e9sitez pas \u00e0 nous contacter si vous envisagez un projet impliquant l&rsquo;utilisation de l&rsquo;intelligence artificielle et bas\u00e9 sur des supports sous licence de la biblioth\u00e8que de l&rsquo;ETH Zurich. Nous serons ravis de vous aider \u00e0 clarifier les conditions de licence.<\/p>\n<\/blockquote>\n\n\n\n<div data-wp-interactive=\"core\/file\" class=\"wp-block-file\"><object data-wp-bind--hidden=\"!state.hasPdfPreview\" hidden class=\"wp-block-file__embed\" data=\"https:\/\/campus.hesge.ch\/headbiblio\/wp-content\/uploads\/2025\/10\/2025-08-26_WG_meeting_remote_Wiley_agreement_ai_overview-1.pdf\" type=\"application\/pdf\" style=\"width:100%;height:600px\" aria-label=\"Contenu embarqu\u00e9 2025-08-26_WG_meeting_remote_Wiley_agreement_ai_overview 1.\"><\/object><a id=\"wp-block-file--media-2c5c381e-6efd-47a1-86d3-580296e77cf4\" href=\"https:\/\/campus.hesge.ch\/headbiblio\/wp-content\/uploads\/2025\/10\/2025-08-26_WG_meeting_remote_Wiley_agreement_ai_overview-1.pdf\">2025-08-26_WG_meeting_remote_Wiley_agreement_ai_overview 1<\/a><a href=\"https:\/\/campus.hesge.ch\/headbiblio\/wp-content\/uploads\/2025\/10\/2025-08-26_WG_meeting_remote_Wiley_agreement_ai_overview-1.pdf\" class=\"wp-block-file__button wp-element-button\" download aria-describedby=\"wp-block-file--media-2c5c381e-6efd-47a1-86d3-580296e77cf4\">T\u00e9l\u00e9charger<\/a><\/div>\n","protected":false},"excerpt":{"rendered":"<p>Directives sur l&rsquo;utilisation d&rsquo;outils d&rsquo;intelligence artificielle impliquant les contenus de Wiley, bas\u00e9 sur les accords pass\u00e9es avec l&rsquo;ETH : La HES-SO a conclu des accords avec divers fournisseurs et \u00e9diteurs, sp\u00e9cifiant les conditions d&rsquo;utilisation des contenus sous licence dans un contexte acad\u00e9mique sp\u00e9cifique. La plupart des accords interdisent le partage de contenus sous licence (articles&hellip;&nbsp;<a href=\"https:\/\/campus.hesge.ch\/headbiblio\/wiley-ai-agreement\/\" rel=\"bookmark\">Lire la suite &raquo;<span class=\"screen-reader-text\">Directives sur l&rsquo;utilisation d&rsquo;outils d&rsquo;intelligence artificielle impliquant les contenus de Wiley<\/span><\/a><\/p>\n","protected":false},"author":1,"featured_media":0,"parent":0,"menu_order":0,"comment_status":"closed","ping_status":"closed","template":"","meta":{"neve_meta_sidebar":"","neve_meta_container":"","neve_meta_enable_content_width":"","neve_meta_content_width":0,"neve_meta_title_alignment":"","neve_meta_author_avatar":"","neve_post_elements_order":"","neve_meta_disable_header":"","neve_meta_disable_footer":"","neve_meta_disable_title":"","footnotes":""},"class_list":["post-3847","page","type-page","status-publish","hentry"],"jetpack_sharing_enabled":true,"_links":{"self":[{"href":"https:\/\/campus.hesge.ch\/headbiblio\/wp-json\/wp\/v2\/pages\/3847","targetHints":{"allow":["GET"]}}],"collection":[{"href":"https:\/\/campus.hesge.ch\/headbiblio\/wp-json\/wp\/v2\/pages"}],"about":[{"href":"https:\/\/campus.hesge.ch\/headbiblio\/wp-json\/wp\/v2\/types\/page"}],"author":[{"embeddable":true,"href":"https:\/\/campus.hesge.ch\/headbiblio\/wp-json\/wp\/v2\/users\/1"}],"replies":[{"embeddable":true,"href":"https:\/\/campus.hesge.ch\/headbiblio\/wp-json\/wp\/v2\/comments?post=3847"}],"version-history":[{"count":3,"href":"https:\/\/campus.hesge.ch\/headbiblio\/wp-json\/wp\/v2\/pages\/3847\/revisions"}],"predecessor-version":[{"id":3852,"href":"https:\/\/campus.hesge.ch\/headbiblio\/wp-json\/wp\/v2\/pages\/3847\/revisions\/3852"}],"wp:attachment":[{"href":"https:\/\/campus.hesge.ch\/headbiblio\/wp-json\/wp\/v2\/media?parent=3847"}],"curies":[{"name":"wp","href":"https:\/\/api.w.org\/{rel}","templated":true}]}}