{"id":103,"date":"2020-09-09T14:48:10","date_gmt":"2020-09-09T12:48:10","guid":{"rendered":"https:\/\/head.hesge.ch\/pool-edition\/?page_id=103"},"modified":"2025-09-30T12:01:52","modified_gmt":"2025-09-30T10:01:52","slug":"passeports","status":"publish","type":"page","link":"https:\/\/campus.hesge.ch\/pool-edition-impression\/passeports\/","title":{"rendered":"Cours passeports"},"content":{"rendered":"\n<p>Les Pools de la HEAD\u2013Gen\u00e8ve proposent de petits enseignements tutoriels appel\u00e9s \u00ab cours passeports \u00bb. En d\u00e9but de semestre, les&nbsp;\u00e9tudiant-e-x-s ont la possibilit\u00e9 de suivre ses \u00ab cours passeports \u00bb d\u2019une dur\u00e9e de 1 \u00e0 2 heures pour acqu\u00e9rir des comp\u00e9tences sp\u00e9cifiques en vue de la r\u00e9alisation de leurs projets.&nbsp;Ces \u00ab cours passeports \u00bb ne donne pas de cr\u00e9dits ECTS et sont destin\u00e9s \u00e0 offrir aux \u00e9tudiant-e-x-s de tout les d\u00e9partements une opportunit\u00e9 de se former sur des outils sp\u00e9cifique.&nbsp;Les inscriptions s\u2019effectuent en d\u00e9but de semestre, par le biais d\u2019un e-mail envoy\u00e9 \u00e0 l\u2019ensemble des \u00e9tudiant-e-x-s. Le nombre de places \u00e9tant limit\u00e9, il est recommand\u00e9 de s\u2019inscrire rapidement.<\/p>\n\n\n\n<p class=\"has-text-color\" style=\"color:#aeaeae\">The&nbsp;Pools of HEAD\u2013Gen\u00e8ve&nbsp;offer short tutorial sessions called&nbsp;\u00abpassport courses\u00bb.&nbsp;At the beginning of each semester, students have the opportunity to attend these courses, which last 1 to 2 hours, to acquire specific skills for their projects. These \u00abpassport courses\u00bb do not provide ECTS credits and are intended to offer students from all departments the chance to train in specific tools. Registration takes place at the start of the semester through an email sent to all students. Since the number of places is limited, it is recommended to register quickly.<\/p>\n\n\n\n<p class=\"has-text-align-left has-white-color has-text-color has-background has-link-color has-small-font-size wp-elements-7aa57f209596820fbe448ae3dad6dce8\" style=\"background-color:#ff0000\"><strong>Inscriptions ouvertes au d\u00e9but de chaque semestre (mi-septembre et mi-f\u00e9vrier) via un e-mail envoy\u00e9 \u00e0 tous les \u00e9tudiant-e-x-s. Les places \u00e9tant limit\u00e9es, il est conseill\u00e9 de s\u2019inscrire rapidement.<\/strong><br>Registration opens at the beginning of each semester (mid-September and mid-February) via an email sent to all students. Since spaces are limited, it is advised to register quickly.<\/p>\n\n\n\n<hr class=\"wp-block-separator has-text-color has-light-gray-color has-css-opacity has-light-gray-background-color has-background is-style-wide\"\/>\n\n\n\n<h2 class=\"wp-block-heading has-text-align-center\">Risographie<\/h2>\n\n\n\n<figure class=\"wp-block-image size-large\"><img loading=\"lazy\" decoding=\"async\" width=\"2000\" height=\"1500\" src=\"https:\/\/campus.hesge.ch\/pool-edition-impression\/wp-content\/uploads\/2022\/09\/riso_01-2000x1500.jpg\" alt=\"\" class=\"wp-image-1337\" srcset=\"https:\/\/campus.hesge.ch\/pool-edition-impression\/wp-content\/uploads\/2022\/09\/riso_01-2000x1500.jpg 2000w, https:\/\/campus.hesge.ch\/pool-edition-impression\/wp-content\/uploads\/2022\/09\/riso_01-900x675.jpg 900w, https:\/\/campus.hesge.ch\/pool-edition-impression\/wp-content\/uploads\/2022\/09\/riso_01-768x576.jpg 768w, https:\/\/campus.hesge.ch\/pool-edition-impression\/wp-content\/uploads\/2022\/09\/riso_01-1536x1152.jpg 1536w, https:\/\/campus.hesge.ch\/pool-edition-impression\/wp-content\/uploads\/2022\/09\/riso_01-2048x1536.jpg 2048w, https:\/\/campus.hesge.ch\/pool-edition-impression\/wp-content\/uploads\/2022\/09\/riso_01-1200x900.jpg 1200w, https:\/\/campus.hesge.ch\/pool-edition-impression\/wp-content\/uploads\/2022\/09\/riso_01-1860x1395.jpg 1860w\" sizes=\"(max-width: 2000px) 100vw, 2000px\" \/><\/figure>\n\n\n\n<p><\/p>\n\n\n\n<p><strong>Cours passport Riso <\/strong><br><strong>D\u00e9couvrir l&rsquo;impression en tons directs<br><\/strong>\u2192&nbsp;Prise en main de la machine (A3)<br>\u2192&nbsp;Cr\u00e9ation de masters depuis le scanner <br>\u2192&nbsp;R\u00e9glages machines et papiers&nbsp; <br>\u2192&nbsp;Changement de cartouches couleurs<\/p>\n\n\n\n<p class=\"has-light-gray-color has-text-color has-link-color wp-elements-0a8d00f8bdaece979cb26d2a04f40fa9\"><strong>Riso Passport Course<\/strong><br><strong>Discover spot color printing<br><\/strong>\u2192 Getting to know the machine (A3)<br>\u2192 Creating masters from the scanner<br>\u2192 Machine and paper settings<br>\u2192 Changing color cartridges<\/p>\n\n\n\n<hr class=\"wp-block-separator has-text-color has-light-gray-color has-css-opacity has-light-gray-background-color has-background is-style-wide\"\/>\n\n\n\n<h2 class=\"wp-block-heading has-text-align-center\">Fa\u00e7onnage<\/h2>\n\n\n\n<figure class=\"wp-block-image size-large\"><img loading=\"lazy\" decoding=\"async\" width=\"2000\" height=\"1500\" src=\"https:\/\/campus.hesge.ch\/pool-edition-impression\/wp-content\/uploads\/2021\/10\/thermorelieur-2000x1500.jpg\" alt=\"\" class=\"wp-image-575\" srcset=\"https:\/\/campus.hesge.ch\/pool-edition-impression\/wp-content\/uploads\/2021\/10\/thermorelieur-2000x1500.jpg 2000w, https:\/\/campus.hesge.ch\/pool-edition-impression\/wp-content\/uploads\/2021\/10\/thermorelieur-900x675.jpg 900w, https:\/\/campus.hesge.ch\/pool-edition-impression\/wp-content\/uploads\/2021\/10\/thermorelieur-768x576.jpg 768w, https:\/\/campus.hesge.ch\/pool-edition-impression\/wp-content\/uploads\/2021\/10\/thermorelieur-1536x1152.jpg 1536w, https:\/\/campus.hesge.ch\/pool-edition-impression\/wp-content\/uploads\/2021\/10\/thermorelieur-2048x1536.jpg 2048w, https:\/\/campus.hesge.ch\/pool-edition-impression\/wp-content\/uploads\/2021\/10\/thermorelieur-1200x900.jpg 1200w, https:\/\/campus.hesge.ch\/pool-edition-impression\/wp-content\/uploads\/2021\/10\/thermorelieur-1860x1395.jpg 1860w\" sizes=\"(max-width: 2000px) 100vw, 2000px\" \/><\/figure>\n\n\n\n<p><strong>Cours passeport fa\u00e7onnage<\/strong><br><strong>D\u00e9couvrir le fa\u00e7onnage et la reliure <br><\/strong>\u2192 imposition de livret et reliure piqu\u00e9 pli<br>\u2192 reliure en dos carr\u00e9 coll\u00e9<br>\u2192 reliure spirale<br>\u2192 raineuse, massicot, arrondisseuse d&rsquo;angle<br>\u2192 dorure num\u00e9rique<\/p>\n\n\n\n<p class=\"has-light-gray-color has-text-color has-link-color wp-elements-ac030667dbef6b5b10b311dc82ebb014\"><strong>Bindery Passport Course<\/strong><br><strong>Discover bindery and finishing <br><\/strong>\u2192 booklet imposition and fold-stitched binding<br>\u2192 glued square-back binding<br>\u2192 spiral binding<br>\u2192 creasing machine, guillotine, corner rounding machine<br>\u2192 digital foiling<br>\u2192 embossing and die-cutting with cricut machine<\/p>\n\n\n\n<p><\/p>\n","protected":false},"excerpt":{"rendered":"<p>Les Pools de la HEAD\u2013Gen\u00e8ve proposent de petits enseignements tutoriels appel\u00e9s \u00ab cours passeports \u00bb. En d\u00e9but de semestre, les&nbsp;\u00e9tudiant-e-x-s ont la possibilit\u00e9 de suivre ses \u00ab cours passeports \u00bb d\u2019une dur\u00e9e de 1 \u00e0 2 heures pour acqu\u00e9rir des comp\u00e9tences sp\u00e9cifiques en vue de la r\u00e9alisation de leurs projets.&nbsp;Ces \u00ab cours passeports \u00bb ne [&hellip;]<\/p>\n","protected":false},"author":5,"featured_media":0,"parent":0,"menu_order":0,"comment_status":"closed","ping_status":"closed","template":"","meta":{"_acf_changed":false,"footnotes":""},"class_list":["post-103","page","type-page","status-publish","hentry","missing-thumbnail"],"acf":[],"_links":{"self":[{"href":"https:\/\/campus.hesge.ch\/pool-edition-impression\/wp-json\/wp\/v2\/pages\/103"}],"collection":[{"href":"https:\/\/campus.hesge.ch\/pool-edition-impression\/wp-json\/wp\/v2\/pages"}],"about":[{"href":"https:\/\/campus.hesge.ch\/pool-edition-impression\/wp-json\/wp\/v2\/types\/page"}],"author":[{"embeddable":true,"href":"https:\/\/campus.hesge.ch\/pool-edition-impression\/wp-json\/wp\/v2\/users\/5"}],"replies":[{"embeddable":true,"href":"https:\/\/campus.hesge.ch\/pool-edition-impression\/wp-json\/wp\/v2\/comments?post=103"}],"version-history":[{"count":262,"href":"https:\/\/campus.hesge.ch\/pool-edition-impression\/wp-json\/wp\/v2\/pages\/103\/revisions"}],"predecessor-version":[{"id":3936,"href":"https:\/\/campus.hesge.ch\/pool-edition-impression\/wp-json\/wp\/v2\/pages\/103\/revisions\/3936"}],"wp:attachment":[{"href":"https:\/\/campus.hesge.ch\/pool-edition-impression\/wp-json\/wp\/v2\/media?parent=103"}],"curies":[{"name":"wp","href":"https:\/\/api.w.org\/{rel}","templated":true}]}}