{"id":17,"date":"2019-04-30T17:29:01","date_gmt":"2019-04-30T15:29:01","guid":{"rendered":"https:\/\/head.hesge.ch\/pool-edition\/?page_id=17"},"modified":"2024-10-04T18:28:58","modified_gmt":"2024-10-04T16:28:58","slug":"a-propos","status":"publish","type":"page","link":"https:\/\/campus.hesge.ch\/pool-edition-impression\/a-propos\/","title":{"rendered":"Pool \u00e9dition et impression"},"content":{"rendered":"\n<p class=\"has-text-align-center has-black-color has-text-color has-link-color has-large-font-size wp-elements-d08b9e49b574d52a805ff1c736447a81\">Atelier d&rsquo;\u00e9dition<\/p>\n\n\n\n<hr class=\"wp-block-separator has-text-color has-black-color has-alpha-channel-opacity has-black-background-color has-background is-style-wide\"\/>\n\n\n\n<figure class=\"wp-block-image alignwide size-large is-style-default wp-duotone-unset-1\"><img loading=\"lazy\" decoding=\"async\" width=\"2000\" height=\"1333\" src=\"https:\/\/campus.hesge.ch\/pool-edition-impression\/wp-content\/uploads\/2023\/02\/POOL_IMPRESSION_BAT_H_2023\u00a9HEAD-Gen\u00e8ve-35-2000x1333.jpg\" alt=\"\" class=\"wp-image-2524\" srcset=\"https:\/\/campus.hesge.ch\/pool-edition-impression\/wp-content\/uploads\/2023\/02\/POOL_IMPRESSION_BAT_H_2023\u00a9HEAD-Gen\u00e8ve-35-2000x1333.jpg 2000w, https:\/\/campus.hesge.ch\/pool-edition-impression\/wp-content\/uploads\/2023\/02\/POOL_IMPRESSION_BAT_H_2023\u00a9HEAD-Gen\u00e8ve-35-900x600.jpg 900w, https:\/\/campus.hesge.ch\/pool-edition-impression\/wp-content\/uploads\/2023\/02\/POOL_IMPRESSION_BAT_H_2023\u00a9HEAD-Gen\u00e8ve-35-768x512.jpg 768w, https:\/\/campus.hesge.ch\/pool-edition-impression\/wp-content\/uploads\/2023\/02\/POOL_IMPRESSION_BAT_H_2023\u00a9HEAD-Gen\u00e8ve-35-1536x1024.jpg 1536w, https:\/\/campus.hesge.ch\/pool-edition-impression\/wp-content\/uploads\/2023\/02\/POOL_IMPRESSION_BAT_H_2023\u00a9HEAD-Gen\u00e8ve-35-2048x1365.jpg 2048w, https:\/\/campus.hesge.ch\/pool-edition-impression\/wp-content\/uploads\/2023\/02\/POOL_IMPRESSION_BAT_H_2023\u00a9HEAD-Gen\u00e8ve-35-1200x800.jpg 1200w, https:\/\/campus.hesge.ch\/pool-edition-impression\/wp-content\/uploads\/2023\/02\/POOL_IMPRESSION_BAT_H_2023\u00a9HEAD-Gen\u00e8ve-35-1860x1240.jpg 1860w\" sizes=\"(max-width: 2000px) 100vw, 2000px\" \/><\/figure>\n\n\n\n<p class=\"has-text-align-center has-black-color has-text-color has-link-color has-large-font-size wp-elements-361fabea4368e6fe9a3e72adf745727b\">Atelier d&rsquo;impression<\/p>\n\n\n\n<hr class=\"wp-block-separator has-text-color has-black-color has-alpha-channel-opacity has-black-background-color has-background is-style-wide\"\/>\n\n\n\n<p>Le Pool \u00e9dition et impression&nbsp;de la HEAD\u2013Gen\u00e8ve est un centre d&rsquo;expertise et de production, alliant p\u00e9dagogie et technique.<br>Il propose des enseignements dans le domaine de l\u2019\u00e9dition (conception, \u00e9criture, s\u00e9quence et distribution) et dans le domaine de l\u2019imprimerie (s\u00e9rigraphie, gravure, risographie, typographie et impression num\u00e9rique).&nbsp;Il offre aussi une assistance technique dans la r\u00e9alisation de projets d\u2019\u00e9dition allant de la num\u00e9risation jusqu\u2019\u00e0 la reliure en passant par les diverses \u00e9tapes de la production imprim\u00e9e.&nbsp;<br>En plus de proposer un enseignement p\u00e9dagogique et technique autour des questions li\u00e9es \u00e0 l\u2019objet imprim\u00e9, le Pool \u00e9dition et impression est aussi un espace de recherche et de r\u00e9flexion sur les pratiques \u00e9ditoriales, qui collabore avec des artistes, des designers, des \u00e9diteur\u00b7trice\u00b7x\u00b7s et des auteur\u00b7trice\u00b7x\u00b7s.<\/p>\n\n\n\n<p><\/p>\n\n\n\n<p class=\"has-text-color\" style=\"color:#aeaeae\">The HEAD-Geneva Publishing and Printing Pool is a centre of expertise and production, combining teaching and technical skills.<br>It offers courses in publishing (design, writing, sequencing and distribution) and printing (screen printing, engraving, risography, letterpress and digital printing).<br>It offers technical assistance in the realization of publishing projects, from digitization to binding, through the various stages of print production.<br>In addition to offering pedagogical and technical training on issues related to the printed object, the Pool \u00e9dition et impression is also a space for research and reflection on publishing practices, collaborating with artists, designers, publishers and authors.<\/p>\n\n\n\n<h2 class=\"wp-block-heading has-text-align-center has-black-color has-text-color\"><\/h2>\n\n\n\n<p><\/p>\n\n\n\n<p>&nbsp;<\/p>\n\n\n\n<p><\/p>\n","protected":false},"excerpt":{"rendered":"<p>Atelier d&rsquo;\u00e9dition Atelier d&rsquo;impression Le Pool \u00e9dition et impression&nbsp;de la HEAD\u2013Gen\u00e8ve est un centre d&rsquo;expertise et de production, alliant p\u00e9dagogie et technique.Il propose des enseignements dans le domaine de l\u2019\u00e9dition (conception, \u00e9criture, s\u00e9quence et distribution) et dans le domaine de l\u2019imprimerie (s\u00e9rigraphie, gravure, risographie, typographie et impression num\u00e9rique).&nbsp;Il offre aussi une assistance technique dans la [&hellip;]<\/p>\n","protected":false},"author":138,"featured_media":3415,"parent":0,"menu_order":0,"comment_status":"closed","ping_status":"closed","template":"","meta":{"_acf_changed":false,"footnotes":""},"class_list":["post-17","page","type-page","status-publish","has-post-thumbnail","hentry","has-thumbnail"],"acf":[],"_links":{"self":[{"href":"https:\/\/campus.hesge.ch\/pool-edition-impression\/wp-json\/wp\/v2\/pages\/17"}],"collection":[{"href":"https:\/\/campus.hesge.ch\/pool-edition-impression\/wp-json\/wp\/v2\/pages"}],"about":[{"href":"https:\/\/campus.hesge.ch\/pool-edition-impression\/wp-json\/wp\/v2\/types\/page"}],"author":[{"embeddable":true,"href":"https:\/\/campus.hesge.ch\/pool-edition-impression\/wp-json\/wp\/v2\/users\/138"}],"replies":[{"embeddable":true,"href":"https:\/\/campus.hesge.ch\/pool-edition-impression\/wp-json\/wp\/v2\/comments?post=17"}],"version-history":[{"count":177,"href":"https:\/\/campus.hesge.ch\/pool-edition-impression\/wp-json\/wp\/v2\/pages\/17\/revisions"}],"predecessor-version":[{"id":3464,"href":"https:\/\/campus.hesge.ch\/pool-edition-impression\/wp-json\/wp\/v2\/pages\/17\/revisions\/3464"}],"wp:featuredmedia":[{"embeddable":true,"href":"https:\/\/campus.hesge.ch\/pool-edition-impression\/wp-json\/wp\/v2\/media\/3415"}],"wp:attachment":[{"href":"https:\/\/campus.hesge.ch\/pool-edition-impression\/wp-json\/wp\/v2\/media?parent=17"}],"curies":[{"name":"wp","href":"https:\/\/api.w.org\/{rel}","templated":true}]}}