{"id":3207,"date":"2024-06-17T21:18:58","date_gmt":"2024-06-17T19:18:58","guid":{"rendered":"https:\/\/head.hesge.ch\/pool-edition\/?page_id=3207"},"modified":"2025-06-29T15:50:50","modified_gmt":"2025-06-29T13:50:50","slug":"liens","status":"publish","type":"page","link":"https:\/\/campus.hesge.ch\/pool-edition-impression\/liens\/","title":{"rendered":"Liens utiles"},"content":{"rendered":"\n<div class=\"wp-block-buttons is-content-justification-center is-layout-flex wp-container-core-buttons-is-layout-1 wp-block-buttons-is-layout-flex\">\n<div class=\"wp-block-button has-custom-width wp-block-button__width-100 has-custom-font-size is-style-fill has-small-font-size\"><a class=\"wp-block-button__link has-white-color has-black-background-color has-text-color has-background has-text-align-center wp-element-button\" href=\"https:\/\/drive.switch.ch\/index.php\/s\/OIdIz8wlgv6ivl7\" style=\"border-radius:100px\" target=\"_blank\" rel=\"noreferrer noopener\">Liste des prix<br>Pricelist<\/a><\/div>\n\n\n\n<div class=\"wp-block-button has-custom-width wp-block-button__width-100 has-custom-font-size is-style-fill has-small-font-size\"><a class=\"wp-block-button__link has-white-color has-black-background-color has-text-color has-background has-text-align-center wp-element-button\" href=\"https:\/\/drive.switch.ch\/index.php\/s\/PmEBFe5yEnrBnxO\" style=\"border-radius:100px\" target=\"_blank\" rel=\"noreferrer noopener\">Imprimeries externes<br><strong>External printers<\/strong><\/a><\/div>\n\n\n\n<div class=\"wp-block-button has-custom-width wp-block-button__width-100 has-custom-font-size is-style-fill has-small-font-size\"><a class=\"wp-block-button__link has-white-color has-black-background-color has-text-color has-background has-text-align-center wp-element-button\" href=\"https:\/\/drive.switch.ch\/index.php\/s\/a0iyNUGJ5WPfamx\/download\" style=\"border-radius:100px\" target=\"_blank\" rel=\"noreferrer noopener\">Bon d&rsquo;impression PDF (40 ko)<br>PDF Print order form (40 ko)<\/a><\/div>\n\n\n\n<div class=\"wp-block-button has-custom-width wp-block-button__width-100 has-custom-font-size is-style-fill has-small-font-size\"><a class=\"wp-block-button__link has-white-color has-black-background-color has-text-color has-background has-text-align-center wp-element-button\" href=\"https:\/\/outlook.office365.com\/calendar\/published\/7dbdfdcb96e74e11b235c337809d592f@hesge.ch\/791d49d7fdb14ad78bc9d8a728e21f3f5274435533893096486\/calendar.html\" style=\"border-radius:100px\">Ouverture<strong> vente papier <\/strong><br>Paper sale opening<\/a><\/div>\n\n\n\n<div class=\"wp-block-button has-custom-width wp-block-button__width-100 has-custom-font-size is-style-fill has-small-font-size\"><a class=\"wp-block-button__link has-white-color has-black-background-color has-text-color has-background has-text-align-center wp-element-button\" href=\"https:\/\/outlook.office365.com\/owa\/calendar\/7dbdfdcb96e74e11b235c337809d592f@hesge.ch\/f8aaa7941dcc47e8a42c1a32d22f48c411074568677446260484\/calendar.html\" style=\"border-radius:100px\" target=\"_blank\" rel=\"noreferrer noopener\">Disponibilit\u00e9 risographie<br>Availability risography<\/a><\/div>\n\n\n\n<div class=\"wp-block-button has-custom-width wp-block-button__width-100 has-custom-font-size is-style-fill has-small-font-size\"><a class=\"wp-block-button__link has-white-color has-black-background-color has-text-color has-background has-text-align-center wp-element-button\" href=\"https:\/\/drive.switch.ch\/index.php\/s\/0PwzwzTsVou8PAn\" style=\"border-radius:100px\" target=\"_blank\" rel=\"noreferrer noopener\">R\u00e8glements des ateliers<br>Workshop rules<\/a><\/div>\n\n\n\n<div class=\"wp-block-button has-custom-width wp-block-button__width-100 has-custom-font-size is-style-fill has-small-font-size\"><a class=\"wp-block-button__link has-white-color has-black-background-color has-text-color has-background has-text-align-center wp-element-button\" href=\"https:\/\/drive.switch.ch\/index.php\/s\/feF6C3g1tZIiatl\" style=\"border-radius:100px\">R\u00e9servations sp\u00e9ciales<br>Sp\u00e9ciales bookings<\/a><\/div>\n\n\n\n<div class=\"wp-block-button has-custom-width wp-block-button__width-100 has-custom-font-size is-style-fill has-small-font-size\"><a class=\"wp-block-button__link has-white-color has-black-background-color has-text-color has-background has-text-align-center wp-element-button\" href=\"https:\/\/app.hesge.ch\/monetique\/\" style=\"border-radius:100px\" target=\"_blank\" rel=\"noreferrer noopener\">Recharger votre badge mon\u00e9tique<br>Reload your electronic payment badge<\/a><\/div>\n<\/div>\n\n\n\n<p><\/p>\n","protected":false},"excerpt":{"rendered":"","protected":false},"author":5,"featured_media":0,"parent":0,"menu_order":0,"comment_status":"closed","ping_status":"closed","template":"","meta":{"_acf_changed":false,"footnotes":""},"class_list":["post-3207","page","type-page","status-publish","hentry","missing-thumbnail"],"acf":[],"_links":{"self":[{"href":"https:\/\/campus.hesge.ch\/pool-edition-impression\/wp-json\/wp\/v2\/pages\/3207"}],"collection":[{"href":"https:\/\/campus.hesge.ch\/pool-edition-impression\/wp-json\/wp\/v2\/pages"}],"about":[{"href":"https:\/\/campus.hesge.ch\/pool-edition-impression\/wp-json\/wp\/v2\/types\/page"}],"author":[{"embeddable":true,"href":"https:\/\/campus.hesge.ch\/pool-edition-impression\/wp-json\/wp\/v2\/users\/5"}],"replies":[{"embeddable":true,"href":"https:\/\/campus.hesge.ch\/pool-edition-impression\/wp-json\/wp\/v2\/comments?post=3207"}],"version-history":[{"count":55,"href":"https:\/\/campus.hesge.ch\/pool-edition-impression\/wp-json\/wp\/v2\/pages\/3207\/revisions"}],"predecessor-version":[{"id":3882,"href":"https:\/\/campus.hesge.ch\/pool-edition-impression\/wp-json\/wp\/v2\/pages\/3207\/revisions\/3882"}],"wp:attachment":[{"href":"https:\/\/campus.hesge.ch\/pool-edition-impression\/wp-json\/wp\/v2\/media?parent=3207"}],"curies":[{"name":"wp","href":"https:\/\/api.w.org\/{rel}","templated":true}]}}