{"id":526,"date":"2021-10-08T17:11:11","date_gmt":"2021-10-08T15:11:11","guid":{"rendered":"https:\/\/head.hesge.ch\/pool-edition\/?page_id=526"},"modified":"2025-08-28T10:03:02","modified_gmt":"2025-08-28T08:03:02","slug":"contact","status":"publish","type":"page","link":"https:\/\/campus.hesge.ch\/pool-edition-impression\/contact\/","title":{"rendered":"Contact, acc\u00e8s et horaires"},"content":{"rendered":"\n<p class=\"has-regular-font-size\"><strong>Comment avoir acc\u00e8s aux ateliers?<\/strong><\/p>\n\n\n\n<p class=\"has-black-color has-text-color has-small-font-size\">L\u2019acc\u00e8s aux ateliers est r\u00e9serv\u00e9 exclusivement aux <strong>membres de la HEAD\u2013Gen\u00e8ve<\/strong>, sur rendez-vous. Pour une<strong> r\u00e9servation individuelle<\/strong>, veuillez contacter les assistant-e-x-s techniques sur place ou par e-mail. Pour une <strong>r\u00e9servation de groupe<\/strong> dans le cadre d\u2019un cours ou d\u2019un projet de d\u00e9partement, merci de suivre les instructions dans le document <a href=\"https:\/\/drive.switch.ch\/index.php\/s\/feF6C3g1tZIiatl\">r\u00e9servations sp\u00e9ciales (PDF).<\/a><\/p>\n\n\n\n<p class=\"has-text-color has-regular-font-size\" style=\"color:#aeaeae\"><strong>How can I access the workshops?<\/strong><\/p>\n\n\n\n<p class=\"has-text-color has-small-font-size\" style=\"color:#aeaeae\">Access to the workshops is exclusively reserved<strong> <\/strong>for<strong> HEAD\u2013Geneva<\/strong> <strong>members<\/strong>, by appointment only. For <strong>individual booking<\/strong>, please contact the technical assistants on-site or by email. For <strong>group bookings<\/strong> related to a course or a department project, please follow the instructions in the <a href=\"https:\/\/drive.switch.ch\/index.php\/s\/feF6C3g1tZIiatl\">special bookings (PDF).<\/a><\/p>\n\n\n\n<p><\/p>\n\n\n\n<figure class=\"wp-block-image size-full\"><img loading=\"lazy\" decoding=\"async\" width=\"1804\" height=\"1594\" src=\"https:\/\/campus.hesge.ch\/pool-edition-impression\/wp-content\/uploads\/2025\/06\/Plan_hauteur-2.png\" alt=\"\" class=\"wp-image-3873\" srcset=\"https:\/\/campus.hesge.ch\/pool-edition-impression\/wp-content\/uploads\/2025\/06\/Plan_hauteur-2.png 1804w, https:\/\/campus.hesge.ch\/pool-edition-impression\/wp-content\/uploads\/2025\/06\/Plan_hauteur-2-900x795.png 900w, https:\/\/campus.hesge.ch\/pool-edition-impression\/wp-content\/uploads\/2025\/06\/Plan_hauteur-2-768x679.png 768w, https:\/\/campus.hesge.ch\/pool-edition-impression\/wp-content\/uploads\/2025\/06\/Plan_hauteur-2-1536x1357.png 1536w, https:\/\/campus.hesge.ch\/pool-edition-impression\/wp-content\/uploads\/2025\/06\/Plan_hauteur-2-1200x1060.png 1200w\" sizes=\"(max-width: 1804px) 100vw, 1804px\" \/><\/figure>\n\n\n\n<figure class=\"wp-block-image size-full\"><img loading=\"lazy\" decoding=\"async\" width=\"2656\" height=\"1892\" src=\"https:\/\/campus.hesge.ch\/pool-edition-impression\/wp-content\/uploads\/2025\/06\/PLAN_POOL_2025.png\" alt=\"\" class=\"wp-image-3857\" srcset=\"https:\/\/campus.hesge.ch\/pool-edition-impression\/wp-content\/uploads\/2025\/06\/PLAN_POOL_2025.png 2656w, https:\/\/campus.hesge.ch\/pool-edition-impression\/wp-content\/uploads\/2025\/06\/PLAN_POOL_2025-900x641.png 900w, https:\/\/campus.hesge.ch\/pool-edition-impression\/wp-content\/uploads\/2025\/06\/PLAN_POOL_2025-2000x1425.png 2000w, https:\/\/campus.hesge.ch\/pool-edition-impression\/wp-content\/uploads\/2025\/06\/PLAN_POOL_2025-768x547.png 768w, https:\/\/campus.hesge.ch\/pool-edition-impression\/wp-content\/uploads\/2025\/06\/PLAN_POOL_2025-1536x1094.png 1536w, https:\/\/campus.hesge.ch\/pool-edition-impression\/wp-content\/uploads\/2025\/06\/PLAN_POOL_2025-2048x1459.png 2048w, https:\/\/campus.hesge.ch\/pool-edition-impression\/wp-content\/uploads\/2025\/06\/PLAN_POOL_2025-1200x855.png 1200w, https:\/\/campus.hesge.ch\/pool-edition-impression\/wp-content\/uploads\/2025\/06\/PLAN_POOL_2025-1860x1325.png 1860w\" sizes=\"(max-width: 2656px) 100vw, 2656px\" \/><\/figure>\n\n\n\n<div class=\"wp-block-columns is-layout-flex wp-container-core-columns-is-layout-1 wp-block-columns-is-layout-flex\">\n<div class=\"wp-block-column is-layout-flow wp-block-column-is-layout-flow\">\n<p class=\"has-small-font-size\">Campus HEAD, B\u00e2timent H<br>Sous-sol (-1) et rez-de-ch. (0)<br>Accessibilit\u00e9 : rampe d&rsquo;acc\u00e8s et monte-charge (entr\u00e9e arri\u00e8re)<\/p>\n<\/div>\n\n\n\n<div class=\"wp-block-column is-layout-flow wp-block-column-is-layout-flow\">\n<p class=\"has-text-color has-link-color has-small-font-size wp-elements-21191a4606ea0435f615922731d1a646\" style=\"color:#aeaeae\">HEAD Campus, Building H<br>Basement (-1) and first floor (0)<br>Accessibility : access ramp and elevators (back entrance)<\/p>\n<\/div>\n<\/div>\n\n\n\n<hr class=\"wp-block-separator has-text-color has-medium-gray-color has-css-opacity has-medium-gray-background-color has-background is-style-wide\"\/>\n\n\n\n<div class=\"wp-block-columns is-layout-flex wp-container-core-columns-is-layout-2 wp-block-columns-is-layout-flex\">\n<div class=\"wp-block-column is-layout-flow wp-block-column-is-layout-flow\" style=\"flex-basis:50%\">\n<p class=\"has-regular-font-size\"><strong>Gwenola Vanherp<\/strong> <br><a href=\"mailto:laura.reynard@hesge.ch?subject=CONTACT%20-%20Impression%20num%C3%A9rique\" data-type=\"mailto\" data-id=\"mailto:laura.reynard@hesge.ch?subject=CONTACT%20-%20Impression%20num%C3%A9rique\">gwenola.vanherp@hesge.ch<\/a><\/p>\n<\/div>\n<\/div>\n\n\n\n<div class=\"wp-block-columns is-layout-flex wp-container-core-columns-is-layout-3 wp-block-columns-is-layout-flex\">\n<div class=\"wp-block-column is-vertically-aligned-top is-layout-flow wp-block-column-is-layout-flow\">\n<p class=\"has-small-font-size\">\u2192&nbsp;Impression num\u00e9rique (A3)<br>\u2192&nbsp;Reliure<br>\u2192&nbsp;Vente papier<\/p>\n<\/div>\n\n\n\n<div class=\"wp-block-column is-layout-flow wp-block-column-is-layout-flow\">\n<p class=\"has-text-color has-link-color has-small-font-size wp-elements-17560e55fe6fa4cedd7782bd11314da8\" style=\"color:#aeaeae\">\u2192 Digital printing (A3)<br>\u2192 Bookbinding<br>\u2192 Paper sales<\/p>\n<\/div>\n<\/div>\n\n\n\n<figure class=\"wp-block-table is-style-stripes\"><table class=\"has-fixed-layout\"><tbody><tr><td>Lundi<br>Mardi<br>Mercredi<br>Jeudi<br>Vendredi<\/td><td>09.00-12.00<br>Ferm\u00e9<br>09.00-12.00<br>Ferm\u00e9<br>Ferm\u00e9<\/td><td>13.30-17.00<br>Ferm\u00e9<br>13.30-17.00<br>Ferm\u00e9<br>Ferm\u00e9<\/td><\/tr><\/tbody><\/table><\/figure>\n\n\n\n<div class=\"wp-block-buttons is-layout-flex wp-block-buttons-is-layout-flex\"><\/div>\n\n\n\n<hr class=\"wp-block-separator has-text-color has-medium-gray-color has-css-opacity has-medium-gray-background-color has-background is-style-wide\"\/>\n\n\n\n<p><\/p>\n\n\n\n<p><strong>Claudio Cicchini<br><\/strong><a href=\"mailto:claudio.cicchini@hesge.ch?subject=CONTACT - Impression plotter\">claudio.cicchini@hesge.ch<\/a><\/p>\n\n\n\n<div class=\"wp-block-columns is-layout-flex wp-container-core-columns-is-layout-4 wp-block-columns-is-layout-flex\">\n<div class=\"wp-block-column is-layout-flow wp-block-column-is-layout-flow\">\n<p class=\"has-small-font-size\">\u2192&nbsp;Impression num\u00e9rique (A2-A0)<br>\u2192&nbsp;Risographie<br>\u2192&nbsp;Scanner<\/p>\n<\/div>\n\n\n\n<div class=\"wp-block-column is-layout-flow wp-block-column-is-layout-flow\">\n<p class=\"has-text-color has-link-color has-small-font-size wp-elements-3d005296ca5ca1bf27873de9446f39ce\" style=\"color:#aeaeae\">\u2192 Digital printing (A2-A0)<br>\u2192 Risography<br>\u2192 Scanner<\/p>\n<\/div>\n<\/div>\n\n\n\n<figure class=\"wp-block-table is-style-stripes\"><table class=\"has-fixed-layout\"><tbody><tr><td>Lundi<br>Mardi<br>Mercredi<br>Jeudi<br>Vendredi<\/td><td>09.00-12.00<br>09.00-12.00<br>09.00-12.00<br>09.00-12.00<br>Ferm\u00e9<\/td><td>13.30-17.00<br>13.30-17.00<br>13.30-17.00<br>13.30-17.00<br>Ferm\u00e9<\/td><\/tr><\/tbody><\/table><\/figure>\n\n\n\n<hr class=\"wp-block-separator has-text-color has-medium-gray-color has-css-opacity has-medium-gray-background-color has-background is-style-wide\"\/>\n\n\n\n<p><strong>Sabrina Peerally<\/strong><br><a href=\"mailto:sabrina.peerally@hesge.ch?subject=CONTACT - S\u00e9rigraphie et Gravure\" target=\"_blank\" rel=\"noreferrer noopener\">sabrina.peerally@hesge.ch<\/a><\/p>\n\n\n\n<div class=\"wp-block-columns is-layout-flex wp-container-core-columns-is-layout-5 wp-block-columns-is-layout-flex\">\n<div class=\"wp-block-column is-layout-flow wp-block-column-is-layout-flow\">\n<p class=\"has-small-font-size\">\u2192&nbsp;S\u00e9rigraphie<br>\u2192&nbsp;Gravure<br>\u2192&nbsp;Presse typographique<\/p>\n<\/div>\n\n\n\n<div class=\"wp-block-column is-layout-flow wp-block-column-is-layout-flow\">\n<p class=\"has-text-color has-link-color has-small-font-size wp-elements-0abfe0ee0b61737665e5d734b727305a\" style=\"color:#aeaeae\">\u2192 Screen printing<br>\u2192 Etching<br>\u2192 Letterpress<\/p>\n<\/div>\n<\/div>\n\n\n\n<figure class=\"wp-block-table is-style-stripes\"><table class=\"has-fixed-layout\"><tbody><tr><td>Lundi<br>Mardi<br>Mercredi<br>Jeudi<br>Vendredi<\/td><td>Ferm\u00e9<br>Ferm\u00e9<br>Ferm\u00e9<br>09.00-12.00<br>09.00-12.00<\/td><td>Ferm\u00e9<br>Ferm\u00e9<br>13.30-17.00<br>13.30-17.00<br>13.30-17.00<\/td><\/tr><\/tbody><\/table><\/figure>\n\n\n\n<hr class=\"wp-block-separator has-text-color has-medium-gray-color has-css-opacity has-medium-gray-background-color has-background is-style-wide\"\/>\n\n\n\n<p><strong>Amalia Chra\u00efti-Martin<\/strong><br><a href=\"mailto:romane.serez@hesge.ch\">amalia.chraiti@hesge.ch<\/a><\/p>\n\n\n\n<div class=\"wp-block-columns is-layout-flex wp-container-core-columns-is-layout-6 wp-block-columns-is-layout-flex\">\n<div class=\"wp-block-column is-layout-flow wp-block-column-is-layout-flow\">\n<p class=\"has-small-font-size\">\u2192&nbsp;Assistance p\u00e9dagogique<br>\u2192&nbsp;Atelier d&rsquo;\u00e9dition<\/p>\n<\/div>\n\n\n\n<div class=\"wp-block-column is-layout-flow wp-block-column-is-layout-flow\">\n<p class=\"has-text-color has-link-color has-small-font-size wp-elements-915860b1899a051d87cd1f9c653981a4\" style=\"color:#aeaeae\">\u2192 Pedagogical support<br>\u2192&nbsp;Publishing workshop<\/p>\n<\/div>\n<\/div>\n\n\n\n<figure class=\"wp-block-table is-style-stripes\"><table class=\"has-fixed-layout\"><tbody><tr><td>Lundi<br>Mardi<br>Mercredi<br>Jeudi<br>Vendredi<\/td><td>09.00-12.00<br>09.00-12.00<br>09.00-12.00<br>Ferm\u00e9<br>Ferm\u00e9<\/td><td>13.30-17.00<br>13.30-17.00<br>13.30-17.00<br>Ferm\u00e9<br>Ferm\u00e9<\/td><\/tr><\/tbody><\/table><\/figure>\n\n\n\n<hr class=\"wp-block-separator has-text-color has-light-gray-color has-css-opacity has-light-gray-background-color has-background is-style-wide\"\/>\n\n\n\n<p><strong>R\u00e9mi Brandon<br><\/strong><a href=\"mailto:remi.brandon@hesge.ch\">remi.brandon@hesge.ch<\/a><\/p>\n\n\n\n<div class=\"wp-block-columns is-layout-flex wp-container-core-columns-is-layout-7 wp-block-columns-is-layout-flex\">\n<div class=\"wp-block-column is-layout-flow wp-block-column-is-layout-flow\" style=\"flex-basis:50%\">\n<p class=\"has-small-font-size\">\u2192&nbsp;Charg\u00e9 de cours HES<\/p>\n<\/div>\n\n\n\n<div class=\"wp-block-column is-layout-flow wp-block-column-is-layout-flow\" style=\"flex-basis:50%\">\n<p class=\"has-text-color has-link-color has-small-font-size wp-elements-9eb8f2e516b9a1cbc3d550c45e4fc24d\" style=\"color:#aeaeae\">\u2192 HES Lecturer<\/p>\n<\/div>\n<\/div>\n\n\n\n<hr class=\"wp-block-separator has-text-color has-light-gray-color has-css-opacity has-light-gray-background-color has-background is-style-wide\"\/>\n\n\n\n<p><strong>Julien Tavelli<br><\/strong><a href=\"mailto:julien.tavelli@hesge.ch\">julien.tavelli@hesge.ch<\/a><\/p>\n\n\n\n<div class=\"wp-block-columns is-layout-flex wp-container-core-columns-is-layout-8 wp-block-columns-is-layout-flex\"><\/div>\n\n\n\n<div class=\"wp-block-columns is-layout-flex wp-container-core-columns-is-layout-9 wp-block-columns-is-layout-flex\">\n<div class=\"wp-block-column is-layout-flow wp-block-column-is-layout-flow\" style=\"flex-basis:50%\">\n<p class=\"has-small-font-size\">\u2192&nbsp;Responsable<br>\u2192 Ma\u00eetre d&rsquo;enseignement HES<\/p>\n<\/div>\n\n\n\n<div class=\"wp-block-column is-layout-flow wp-block-column-is-layout-flow\" style=\"flex-basis:50%\">\n<p class=\"has-text-color has-link-color has-small-font-size wp-elements-200b9df83e6189c0ed89258425bc137d\" style=\"color:#aeaeae\">\u2192&nbsp;Head<br>\u2192 HES Lecturer<\/p>\n<\/div>\n<\/div>\n\n\n\n<hr class=\"wp-block-separator has-text-color has-light-gray-color has-css-opacity has-light-gray-background-color has-background is-style-wide\"\/>\n\n\n\n<div class=\"wp-block-columns is-layout-flex wp-container-core-columns-is-layout-10 wp-block-columns-is-layout-flex\"><\/div>\n\n\n\n<div class=\"wp-block-columns is-layout-flex wp-container-core-columns-is-layout-11 wp-block-columns-is-layout-flex\">\n<div class=\"wp-block-column is-layout-flow wp-block-column-is-layout-flow\" style=\"flex-basis:50%\"><\/div>\n\n\n\n<div class=\"wp-block-column is-layout-flow wp-block-column-is-layout-flow\" style=\"flex-basis:50%\"><\/div>\n<\/div>\n\n\n\n<div class=\"wp-block-buttons has-custom-font-size has-regular-font-size is-content-justification-center is-nowrap is-layout-flex wp-container-core-buttons-is-layout-2 wp-block-buttons-is-layout-flex\"><\/div>\n\n\n\n<p><\/p>\n","protected":false},"excerpt":{"rendered":"<p>Comment avoir acc\u00e8s aux ateliers? L\u2019acc\u00e8s aux ateliers est r\u00e9serv\u00e9 exclusivement aux membres de la HEAD\u2013Gen\u00e8ve, sur rendez-vous. Pour une r\u00e9servation individuelle, veuillez contacter les assistant-e-x-s techniques sur place ou par e-mail. Pour une r\u00e9servation de groupe dans le cadre d\u2019un cours ou d\u2019un projet de d\u00e9partement, merci de suivre les instructions dans le document [&hellip;]<\/p>\n","protected":false},"author":5,"featured_media":0,"parent":0,"menu_order":0,"comment_status":"closed","ping_status":"closed","template":"","meta":{"_acf_changed":false,"footnotes":""},"class_list":["post-526","page","type-page","status-publish","hentry","missing-thumbnail"],"acf":[],"_links":{"self":[{"href":"https:\/\/campus.hesge.ch\/pool-edition-impression\/wp-json\/wp\/v2\/pages\/526"}],"collection":[{"href":"https:\/\/campus.hesge.ch\/pool-edition-impression\/wp-json\/wp\/v2\/pages"}],"about":[{"href":"https:\/\/campus.hesge.ch\/pool-edition-impression\/wp-json\/wp\/v2\/types\/page"}],"author":[{"embeddable":true,"href":"https:\/\/campus.hesge.ch\/pool-edition-impression\/wp-json\/wp\/v2\/users\/5"}],"replies":[{"embeddable":true,"href":"https:\/\/campus.hesge.ch\/pool-edition-impression\/wp-json\/wp\/v2\/comments?post=526"}],"version-history":[{"count":545,"href":"https:\/\/campus.hesge.ch\/pool-edition-impression\/wp-json\/wp\/v2\/pages\/526\/revisions"}],"predecessor-version":[{"id":3920,"href":"https:\/\/campus.hesge.ch\/pool-edition-impression\/wp-json\/wp\/v2\/pages\/526\/revisions\/3920"}],"wp:attachment":[{"href":"https:\/\/campus.hesge.ch\/pool-edition-impression\/wp-json\/wp\/v2\/media?parent=526"}],"curies":[{"name":"wp","href":"https:\/\/api.w.org\/{rel}","templated":true}]}}