{"id":260,"date":"2025-01-27T14:47:17","date_gmt":"2025-01-27T14:47:17","guid":{"rendered":"https:\/\/campus.hesge.ch\/schindld\/GO12\/?page_id=260"},"modified":"2025-06-23T09:53:40","modified_gmt":"2025-06-23T09:53:40","slug":"list-of-participants","status":"publish","type":"page","link":"https:\/\/campus.hesge.ch\/schindld\/GO12\/?page_id=260","title":{"rendered":"List of participants"},"content":{"rendered":"\n<ul class=\"wp-block-list\">\n<li>Bernard Ries, University of Fribourg, Switzerland<\/li>\n\n\n\n<li>David Schindl, Haute Ecole de Gestion de Gen\u00e8ve, Switzerland<\/li>\n\n\n\n<li>Alain Hertz, Polytechnique Montr\u00e9al, Canada<\/li>\n\n\n\n<li>Claudia Archetti, University of Brescia, Italy<\/li>\n\n\n\n<li>Chinh Hoang, Wilfrid Laurier University, Canada<\/li>\n\n\n\n<li>Jeremy Spinrad, Vanderbilt University, United States<\/li>\n\n\n\n<li>Nour Elhouda Tellache, University of Fribourg, Switzerland<\/li>\n\n\n\n<li>John Gimbel, University of Alaska, United States<\/li>\n\n\n\n<li>Fr\u00e9d\u00e9ric Meunier, \u00c9cole nationale des ponts et chauss\u00e9es, France<\/li>\n\n\n\n<li>H\u00e9lo\u00efse Gachet, CERMICS, SNCF DTIPG, France<\/li>\n\n\n\n<li>Juan F. Correcher, Universitat de Val\u00e8ncia, Spain<\/li>\n\n\n\n<li>Jacques Carlier, Heudiasyc Laboratory UMR-CNRS-7253 &#8211; Universit\u00e9 de Technologie de Compi\u00e8gne, France<\/li>\n\n\n\n<li>Fr\u00e9d\u00e9ric Aviolat, Universit\u00e9 de Lausanne, Switzerland<\/li>\n\n\n\n<li>Marino Widmer, Uni Fribourg &#8211; DIUF &#8211; DSOR, Switzerland<\/li>\n\n\n\n<li>Jacek Blazewicz, Poznan University of Technology, Poland<\/li>\n\n\n\n<li>Christophe Picouleau, CEDRIC-CNAM, France<\/li>\n\n\n\n<li>Dominique de Werra, Ecole Polytechnique F\u00e9d\u00e9rale de Lausanne, Switzerland<\/li>\n\n\n\n<li>Kathie Cameron, Wilfrid Laurier University, Canada<\/li>\n\n\n\n<li>T\u0131naz Ekim, Bo\u011fazi\u00e7i University, Turkey<\/li>\n\n\n\n<li>Elise Bangerter, University of Fribourg, Switzerland<\/li>\n\n\n\n<li>Marta Szachniuk, Poznan University of Technology, Poland<\/li>\n\n\n\n<li>Aleksandra Swiercz, Poznan University of Technology, Poland<\/li>\n\n\n\n<li>Ivana Ljubic, ESSEC Business School, France<\/li>\n\n\n\n<li>Matteo Petris, \u00c9cole nationale des ponts et chauss\u00e9es, France<\/li>\n\n\n\n<li>Grazia Speranza, University of Brescia, Italy<\/li>\n\n\n\n<li>Gary MacGillivray, University of Victoria, Canada<\/li>\n\n\n\n<li>Hadrien M\u00e9lot, University of Mons, Belgium<\/li>\n\n\n\n<li>Gauvain Devillez, University of Mons, Belgium<\/li>\n\n\n\n<li>Burak Nur Erdem, Bogazici University, Turkey<\/li>\n\n\n\n<li>Valentin Dusollier, University of Mons, Belgium<\/li>\n\n\n\n<li>Martin Milani\u010d, University of Primorska, Slovenia<\/li>\n\n\n\n<li>R. Sritharan, University of Dayton, USA<\/li>\n\n\n\n<li>S\u00e9bastien Bonte, University of Mons, Belgium<\/li>\n\n\n\n<li>Juan Jose Salazar Gonzalez, Universidad de La Laguna, Spain<\/li>\n\n\n\n<li>Elaine Eschen, West Virginia University, United States<\/li>\n\n\n\n<li>Diego Delle Donne, ESSEC Business School, France<\/li>\n\n\n\n<li>Nili Guttmann-Beck, Academic College of Tel Aviv-Yaffo, Israel<\/li>\n\n\n\n<li>Jochen Pascal Gollin, University of Primorska, Slovenia<\/li>\n\n\n\n<li>Cl\u00e9ment Dallard, University of Fribourg, Switzerland<\/li>\n\n\n\n<li>Bernard Fortz, HEC Li\u00e8ge, Management School of the University of Li\u00e8ge, Belgium<\/li>\n\n\n\n<li>Ben Cameron, University of Prince Edward Island, Canada<\/li>\n\n\n\n<li>Naoki Katoh, University of Hyogo, Japan<\/li>\n\n\n\n<li>Stefan Pickl, UniBw Muenchen COMTESSA, Germany<\/li>\n\n\n\n<li>Arnaud Casteigts, University of Geneva, Switzerland<\/li>\n<\/ul>\n\n\n\n<p><\/p>\n\n\n\n<p><\/p>\n","protected":false},"excerpt":{"rendered":"","protected":false},"author":1,"featured_media":0,"parent":0,"menu_order":0,"comment_status":"closed","ping_status":"closed","template":"","meta":{"footnotes":""},"class_list":["post-260","page","type-page","status-publish","hentry"],"_links":{"self":[{"href":"https:\/\/campus.hesge.ch\/schindld\/GO12\/index.php?rest_route=\/wp\/v2\/pages\/260","targetHints":{"allow":["GET"]}}],"collection":[{"href":"https:\/\/campus.hesge.ch\/schindld\/GO12\/index.php?rest_route=\/wp\/v2\/pages"}],"about":[{"href":"https:\/\/campus.hesge.ch\/schindld\/GO12\/index.php?rest_route=\/wp\/v2\/types\/page"}],"author":[{"embeddable":true,"href":"https:\/\/campus.hesge.ch\/schindld\/GO12\/index.php?rest_route=\/wp\/v2\/users\/1"}],"replies":[{"embeddable":true,"href":"https:\/\/campus.hesge.ch\/schindld\/GO12\/index.php?rest_route=%2Fwp%2Fv2%2Fcomments&post=260"}],"version-history":[{"count":35,"href":"https:\/\/campus.hesge.ch\/schindld\/GO12\/index.php?rest_route=\/wp\/v2\/pages\/260\/revisions"}],"predecessor-version":[{"id":558,"href":"https:\/\/campus.hesge.ch\/schindld\/GO12\/index.php?rest_route=\/wp\/v2\/pages\/260\/revisions\/558"}],"wp:attachment":[{"href":"https:\/\/campus.hesge.ch\/schindld\/GO12\/index.php?rest_route=%2Fwp%2Fv2%2Fmedia&parent=260"}],"curies":[{"name":"wp","href":"https:\/\/api.w.org\/{rel}","templated":true}]}}