{"id":267,"date":"2025-01-27T15:00:52","date_gmt":"2025-01-27T15:00:52","guid":{"rendered":"https:\/\/campus.hesge.ch\/schindld\/GO12\/?page_id=267"},"modified":"2025-06-23T09:13:53","modified_gmt":"2025-06-23T09:13:53","slug":"venue","status":"publish","type":"page","link":"https:\/\/campus.hesge.ch\/schindld\/GO12\/?page_id=267","title":{"rendered":"Venue"},"content":{"rendered":"\n<figure class=\"wp-block-image size-large\"><img loading=\"lazy\" decoding=\"async\" width=\"1024\" height=\"802\" src=\"https:\/\/campus.hesge.ch\/schindld\/GO12\/wp-content\/uploads\/2025\/02\/batimentloeche-1-1024x802.jpg\" alt=\"\" class=\"wp-image-368\" srcset=\"https:\/\/campus.hesge.ch\/schindld\/GO12\/wp-content\/uploads\/2025\/02\/batimentloeche-1-1024x802.jpg 1024w, https:\/\/campus.hesge.ch\/schindld\/GO12\/wp-content\/uploads\/2025\/02\/batimentloeche-1-300x235.jpg 300w, https:\/\/campus.hesge.ch\/schindld\/GO12\/wp-content\/uploads\/2025\/02\/batimentloeche-1-768x601.jpg 768w, https:\/\/campus.hesge.ch\/schindld\/GO12\/wp-content\/uploads\/2025\/02\/batimentloeche-1-1536x1202.jpg 1536w, https:\/\/campus.hesge.ch\/schindld\/GO12\/wp-content\/uploads\/2025\/02\/batimentloeche-1-1200x939.jpg 1200w, https:\/\/campus.hesge.ch\/schindld\/GO12\/wp-content\/uploads\/2025\/02\/batimentloeche-1.jpg 1920w\" sizes=\"auto, (max-width: 1024px) 100vw, 1024px\" \/><\/figure>\n\n\n\n<p>The conference will take place in the building &#8220;Haute Ecole de Sant\u00e9 &#8211; Fili\u00e8re Physioth\u00e9rapie&#8221;, Thermenstrasse 41, 3954 Leukerbad. <\/p>\n\n\n\n<p>The room number is <strong>308<\/strong> (3rd floor).<\/p>\n\n\n\n<iframe src=\"https:\/\/www.google.com\/maps\/embed?pb=!1m18!1m12!1m3!1d1376.2712841957969!2d7.625826843316428!3d46.37846291416499!2m3!1f0!2f0!3f0!3m2!1i1024!2i768!4f13.1!3m3!1m2!1s0x478f1bf65a13030b%3A0xa373757c4ae2bc3d!2sHaute%20Ecole%20de%20Sant%C3%A9%20de%20la%20HES-SO%20Valais-Wallis%20-%20Fili%C3%A8re%20Physioth%C3%A9rapie!5e0!3m2!1sfr!2sch!4v1738058521491!5m2!1sfr!2sch\" width=\"600\" height=\"450\" style=\"border:0; max-height:450px;\" allowfullscreen=\"\" loading=\"lazy\" referrerpolicy=\"no-referrer-when-downgrade\"><\/iframe>\n\n\n\n<p>We warmly thank the school for making the conference room available to us!<\/p>\n","protected":false},"excerpt":{"rendered":"<p>The conference will take place in the building &#8220;Haute Ecole de Sant\u00e9 &#8211; Fili\u00e8re Physioth\u00e9rapie&#8221;, Thermenstrasse 41, 3954 Leukerbad. The room number is 308 (3rd floor). We warmly thank the school for making the conference room available to us!<\/p>\n","protected":false},"author":1,"featured_media":0,"parent":0,"menu_order":0,"comment_status":"closed","ping_status":"closed","template":"","meta":{"footnotes":""},"class_list":["post-267","page","type-page","status-publish","hentry"],"_links":{"self":[{"href":"https:\/\/campus.hesge.ch\/schindld\/GO12\/index.php?rest_route=\/wp\/v2\/pages\/267","targetHints":{"allow":["GET"]}}],"collection":[{"href":"https:\/\/campus.hesge.ch\/schindld\/GO12\/index.php?rest_route=\/wp\/v2\/pages"}],"about":[{"href":"https:\/\/campus.hesge.ch\/schindld\/GO12\/index.php?rest_route=\/wp\/v2\/types\/page"}],"author":[{"embeddable":true,"href":"https:\/\/campus.hesge.ch\/schindld\/GO12\/index.php?rest_route=\/wp\/v2\/users\/1"}],"replies":[{"embeddable":true,"href":"https:\/\/campus.hesge.ch\/schindld\/GO12\/index.php?rest_route=%2Fwp%2Fv2%2Fcomments&post=267"}],"version-history":[{"count":16,"href":"https:\/\/campus.hesge.ch\/schindld\/GO12\/index.php?rest_route=\/wp\/v2\/pages\/267\/revisions"}],"predecessor-version":[{"id":551,"href":"https:\/\/campus.hesge.ch\/schindld\/GO12\/index.php?rest_route=\/wp\/v2\/pages\/267\/revisions\/551"}],"wp:attachment":[{"href":"https:\/\/campus.hesge.ch\/schindld\/GO12\/index.php?rest_route=%2Fwp%2Fv2%2Fmedia&parent=267"}],"curies":[{"name":"wp","href":"https:\/\/api.w.org\/{rel}","templated":true}]}}